{"id":18,"date":"2025-12-29T19:18:39","date_gmt":"2025-12-29T18:18:39","guid":{"rendered":"https:\/\/frp-reklamy.eu\/?page_id=18"},"modified":"2025-12-31T15:54:53","modified_gmt":"2025-12-31T14:54:53","slug":"oklejanie-szyb","status":"publish","type":"page","link":"https:\/\/frp-reklamy.eu\/?page_id=18","title":{"rendered":"Oklejanie szyb"},"content":{"rendered":"\t\t<div data-elementor-type=\"wp-page\" data-elementor-id=\"18\" class=\"elementor elementor-18\">\n\t\t\t\t<div class=\"elementor-element elementor-element-d3be27e e-flex e-con-boxed e-con e-parent\" data-id=\"d3be27e\" data-element_type=\"container\">\n\t\t\t\t\t<div class=\"e-con-inner\">\n\t\t<div class=\"elementor-element elementor-element-d27aead e-con-full e-flex e-con e-child\" data-id=\"d27aead\" data-element_type=\"container\">\n\t\t\t\t<div class=\"elementor-element elementor-element-4388a7b elementor-widget elementor-widget-text-editor\" data-id=\"4388a7b\" data-element_type=\"widget\" data-widget_type=\"text-editor.default\">\n\t\t\t\t\t\t\t\t\t<p data-start=\"110\" data-end=\"179\"><strong data-start=\"110\" data-end=\"177\">Oklejanie szyb i witryn sklepowych \u2013 reklama, prywatno\u015b\u0107 i styl<\/strong><\/p><p data-start=\"181\" data-end=\"530\">W FRP-Reklamy oferujemy profesjonalne oklejanie szyb i witryn sklepowych, kt\u00f3re pozwala po\u0142\u0105czy\u0107 funkcj\u0119 reklamow\u0105 z estetyk\u0105 i ochron\u0105 prywatno\u015bci. Folie dekoracyjne i reklamowe umo\u017cliwiaj\u0105 prezentacj\u0119 oferty, promowanie produkt\u00f3w, a jednocze\u015bnie nadaj\u0105 wn\u0119trzom nowoczesny wygl\u0105d i ograniczaj\u0105 dost\u0119p \u015bwiat\u0142a lub ciekawskich spojrze\u0144 z zewn\u0105trz.<\/p><p data-start=\"532\" data-end=\"575\"><strong data-start=\"532\" data-end=\"573\">Zastosowanie oklejania szyb i witryn:<\/strong><\/p><ul data-start=\"576\" data-end=\"813\"><li data-start=\"576\" data-end=\"639\"><p data-start=\"578\" data-end=\"639\">reklama wizualna w punktach sprzeda\u017cy i lokalach us\u0142ugowych<\/p><\/li><li data-start=\"640\" data-end=\"688\"><p data-start=\"642\" data-end=\"688\">promocja produkt\u00f3w i kampanii marketingowych<\/p><\/li><li data-start=\"689\" data-end=\"759\"><p data-start=\"691\" data-end=\"759\">folie matowe lub przyciemniane dla prywatno\u015bci i komfortu klient\u00f3w<\/p><\/li><li data-start=\"760\" data-end=\"813\"><p data-start=\"762\" data-end=\"813\">dekoracyjne wzory podkre\u015blaj\u0105ce charakter wn\u0119trza<\/p><\/li><\/ul><p data-start=\"815\" data-end=\"855\"><strong data-start=\"815\" data-end=\"853\">Dlaczego warto wybra\u0107 FRP-Reklamy:<\/strong><\/p><ul data-start=\"856\" data-end=\"1117\"><li data-start=\"856\" data-end=\"925\"><p data-start=\"858\" data-end=\"925\">wysokiej jako\u015bci folie gwarantuj\u0105ce trwa\u0142o\u015b\u0107 i estetyk\u0119 wykonania<\/p><\/li><li data-start=\"926\" data-end=\"984\"><p data-start=\"928\" data-end=\"984\">precyzyjny monta\u017c dopasowany do wymiar\u00f3w szyb i witryn<\/p><\/li><li data-start=\"985\" data-end=\"1059\"><p data-start=\"987\" data-end=\"1059\">mo\u017cliwo\u015b\u0107 tworzenia indywidualnych projekt\u00f3w z logo, grafik\u0105 i tekstem<\/p><\/li><li data-start=\"1060\" data-end=\"1117\"><p data-start=\"1062\" data-end=\"1117\">doradztwo w doborze rodzaju folii i sposobu aplikacji<\/p><\/li><\/ul><p data-start=\"1119\" data-end=\"1326\">Oklejanie szyb i witryn z FRP-Reklamy to po\u0142\u0105czenie funkcjonalno\u015bci z marketingiem \u2013 skuteczny spos\u00f3b na wyr\u00f3\u017cnienie Twojego biznesu, przyci\u0105gni\u0119cie klient\u00f3w i podniesienie profesjonalnego wizerunku firmy.<\/p>\t\t\t\t\t\t\t\t<\/div>\n\t\t\t\t<\/div>\n\t\t<div class=\"elementor-element elementor-element-e9d3e24 e-con-full e-flex e-con e-child\" data-id=\"e9d3e24\" data-element_type=\"container\">\n\t\t<div class=\"elementor-element elementor-element-6706be0 e-con-full e-flex e-con e-child\" data-id=\"6706be0\" data-element_type=\"container\">\n\t\t\t\t<div class=\"elementor-element elementor-element-1ad024d elementor-widget elementor-widget-image\" data-id=\"1ad024d\" data-element_type=\"widget\" data-widget_type=\"image.default\">\n\t\t\t\t\t\t\t\t\t\t\t\t\t\t\t\t<a href=\"https:\/\/frp-reklamy.eu\/wp-content\/uploads\/2025\/12\/sPUs6vu.jpeg\" data-elementor-open-lightbox=\"yes\" data-elementor-lightbox-title=\"OKLEJANIE WITRYN FRP\" data-e-action-hash=\"#elementor-action%3Aaction%3Dlightbox%26settings%3DeyJpZCI6MzY1LCJ1cmwiOiJodHRwczpcL1wvZnJwLXJla2xhbXkuZXVcL3dwLWNvbnRlbnRcL3VwbG9hZHNcLzIwMjVcLzEyXC9zUFVzNnZ1LmpwZWcifQ%3D%3D\">\n\t\t\t\t\t\t\t<img fetchpriority=\"high\" decoding=\"async\" width=\"768\" height=\"1024\" src=\"https:\/\/frp-reklamy.eu\/wp-content\/uploads\/2025\/12\/sPUs6vu-768x1024.jpeg\" class=\"attachment-large size-large wp-image-365\" alt=\"\" srcset=\"https:\/\/frp-reklamy.eu\/wp-content\/uploads\/2025\/12\/sPUs6vu-768x1024.jpeg 768w, https:\/\/frp-reklamy.eu\/wp-content\/uploads\/2025\/12\/sPUs6vu-225x300.jpeg 225w, https:\/\/frp-reklamy.eu\/wp-content\/uploads\/2025\/12\/sPUs6vu-1152x1536.jpeg 1152w, https:\/\/frp-reklamy.eu\/wp-content\/uploads\/2025\/12\/sPUs6vu.jpeg 1536w\" sizes=\"(max-width: 768px) 100vw, 768px\" \/>\t\t\t\t\t\t\t\t<\/a>\n\t\t\t\t\t\t\t\t\t\t\t\t\t\t\t<\/div>\n\t\t\t\t<\/div>\n\t\t<div class=\"elementor-element elementor-element-298760a e-con-full e-flex e-con e-child\" data-id=\"298760a\" data-element_type=\"container\">\n\t\t\t\t<div class=\"elementor-element elementor-element-72b9897 elementor-widget elementor-widget-image\" data-id=\"72b9897\" data-element_type=\"widget\" data-widget_type=\"image.default\">\n\t\t\t\t\t\t\t\t\t\t\t\t\t\t\t\t<a href=\"https:\/\/frp-reklamy.eu\/wp-content\/uploads\/2025\/12\/2JsWT1Vo.jpeg\" data-elementor-open-lightbox=\"yes\" data-elementor-lightbox-title=\"OKLEJANIE SZYB FRP\" data-e-action-hash=\"#elementor-action%3Aaction%3Dlightbox%26settings%3DeyJpZCI6MzY2LCJ1cmwiOiJodHRwczpcL1wvZnJwLXJla2xhbXkuZXVcL3dwLWNvbnRlbnRcL3VwbG9hZHNcLzIwMjVcLzEyXC8ySnNXVDFWby5qcGVnIn0%3D\">\n\t\t\t\t\t\t\t<img decoding=\"async\" width=\"768\" height=\"1024\" src=\"https:\/\/frp-reklamy.eu\/wp-content\/uploads\/2025\/12\/2JsWT1Vo-768x1024.jpeg\" class=\"attachment-large size-large wp-image-366\" alt=\"\" srcset=\"https:\/\/frp-reklamy.eu\/wp-content\/uploads\/2025\/12\/2JsWT1Vo-768x1024.jpeg 768w, https:\/\/frp-reklamy.eu\/wp-content\/uploads\/2025\/12\/2JsWT1Vo-225x300.jpeg 225w, https:\/\/frp-reklamy.eu\/wp-content\/uploads\/2025\/12\/2JsWT1Vo-1152x1536.jpeg 1152w, https:\/\/frp-reklamy.eu\/wp-content\/uploads\/2025\/12\/2JsWT1Vo.jpeg 1536w\" sizes=\"(max-width: 768px) 100vw, 768px\" \/>\t\t\t\t\t\t\t\t<\/a>\n\t\t\t\t\t\t\t\t\t\t\t\t\t\t\t<\/div>\n\t\t\t\t<\/div>\n\t\t\t\t<\/div>\n\t\t\t\t\t<\/div>\n\t\t\t\t<\/div>\n\t\t\t\t<\/div>\n\t\t","protected":false},"excerpt":{"rendered":"<p>Oklejanie szyb i witryn sklepowych \u2013 reklama, prywatno\u015b\u0107 i styl W FRP-Reklamy oferujemy profesjonalne oklejanie szyb i witryn sklepowych, kt\u00f3re pozwala po\u0142\u0105czy\u0107 funkcj\u0119 reklamow\u0105 z estetyk\u0105 i ochron\u0105 prywatno\u015bci. Folie dekoracyjne i reklamowe umo\u017cliwiaj\u0105 prezentacj\u0119 oferty, promowanie produkt\u00f3w, a jednocze\u015bnie nadaj\u0105 wn\u0119trzom nowoczesny wygl\u0105d i ograniczaj\u0105 dost\u0119p \u015bwiat\u0142a lub ciekawskich spojrze\u0144 z zewn\u0105trz. Zastosowanie oklejania [&hellip;]<\/p>\n","protected":false},"author":1,"featured_media":0,"parent":0,"menu_order":0,"comment_status":"closed","ping_status":"closed","template":"","meta":{"footnotes":""},"class_list":["post-18","page","type-page","status-publish","hentry"],"_links":{"self":[{"href":"https:\/\/frp-reklamy.eu\/index.php?rest_route=\/wp\/v2\/pages\/18","targetHints":{"allow":["GET"]}}],"collection":[{"href":"https:\/\/frp-reklamy.eu\/index.php?rest_route=\/wp\/v2\/pages"}],"about":[{"href":"https:\/\/frp-reklamy.eu\/index.php?rest_route=\/wp\/v2\/types\/page"}],"author":[{"embeddable":true,"href":"https:\/\/frp-reklamy.eu\/index.php?rest_route=\/wp\/v2\/users\/1"}],"replies":[{"embeddable":true,"href":"https:\/\/frp-reklamy.eu\/index.php?rest_route=%2Fwp%2Fv2%2Fcomments&post=18"}],"version-history":[{"count":7,"href":"https:\/\/frp-reklamy.eu\/index.php?rest_route=\/wp\/v2\/pages\/18\/revisions"}],"predecessor-version":[{"id":372,"href":"https:\/\/frp-reklamy.eu\/index.php?rest_route=\/wp\/v2\/pages\/18\/revisions\/372"}],"wp:attachment":[{"href":"https:\/\/frp-reklamy.eu\/index.php?rest_route=%2Fwp%2Fv2%2Fmedia&parent=18"}],"curies":[{"name":"wp","href":"https:\/\/api.w.org\/{rel}","templated":true}]}}