{"id":22,"date":"2025-12-29T19:19:03","date_gmt":"2025-12-29T18:19:03","guid":{"rendered":"https:\/\/frp-reklamy.eu\/?page_id=22"},"modified":"2025-12-31T16:31:03","modified_gmt":"2025-12-31T15:31:03","slug":"grawer-laserowy","status":"publish","type":"page","link":"https:\/\/frp-reklamy.eu\/?page_id=22","title":{"rendered":"Grawer laserowy"},"content":{"rendered":"\t\t<div data-elementor-type=\"wp-page\" data-elementor-id=\"22\" class=\"elementor elementor-22\">\n\t\t\t\t<div class=\"elementor-element elementor-element-539da8d e-flex e-con-boxed e-con e-parent\" data-id=\"539da8d\" data-element_type=\"container\">\n\t\t\t\t\t<div class=\"e-con-inner\">\n\t\t<div class=\"elementor-element elementor-element-f7834fe e-con-full e-flex e-con e-child\" data-id=\"f7834fe\" data-element_type=\"container\">\n\t\t\t\t<div class=\"elementor-element elementor-element-876ce9f elementor-widget elementor-widget-text-editor\" data-id=\"876ce9f\" data-element_type=\"widget\" data-widget_type=\"text-editor.default\">\n\t\t\t\t\t\t\t\t\t<p data-start=\"88\" data-end=\"154\"><strong data-start=\"88\" data-end=\"152\">Grawer laserowy \u2013 precyzja i trwa\u0142o\u015b\u0107 w znakowaniu produkt\u00f3w<\/strong><\/p><p data-start=\"156\" data-end=\"561\">W FRP-Reklamy oferujemy profesjonalny grawer laserowy, kt\u00f3ry pozwala na trwa\u0142e i estetyczne znakowanie r\u00f3\u017cnorodnych materia\u0142\u00f3w, takich jak metal, drewno, szk\u0142o, sk\u00f3ra czy tworzywa sztuczne. Grawerowanie laserowe to idealne rozwi\u0105zanie do personalizacji gad\u017cet\u00f3w, nagr\u00f3d, upomink\u00f3w, tabliczek informacyjnych czy element\u00f3w dekoracyjnych, zapewniaj\u0105c wysoki poziom szczeg\u00f3\u0142owo\u015bci i elegancki efekt ko\u0144cowy.<\/p><p data-start=\"563\" data-end=\"601\"><strong data-start=\"563\" data-end=\"599\">Zastosowanie graweru laserowego:<\/strong><\/p><ul data-start=\"602\" data-end=\"806\"><li data-start=\"602\" data-end=\"663\"><p data-start=\"604\" data-end=\"663\">personalizacja gad\u017cet\u00f3w reklamowych i prezent\u00f3w firmowych<\/p><\/li><li data-start=\"664\" data-end=\"717\"><p data-start=\"666\" data-end=\"717\">tworzenie tabliczek znamionowych i informacyjnych<\/p><\/li><li data-start=\"718\" data-end=\"770\"><p data-start=\"720\" data-end=\"770\">znakowanie produkt\u00f3w i komponent\u00f3w przemys\u0142owych<\/p><\/li><li data-start=\"771\" data-end=\"806\"><p data-start=\"773\" data-end=\"806\">dekoracja i elementy upominkowe<\/p><\/li><\/ul><p data-start=\"808\" data-end=\"848\"><strong data-start=\"808\" data-end=\"846\">Dlaczego warto wybra\u0107 FRP-Reklamy:<\/strong><\/p><ul data-start=\"849\" data-end=\"1092\"><li data-start=\"849\" data-end=\"914\"><p data-start=\"851\" data-end=\"914\">precyzyjne wykonanie nawet najbardziej skomplikowanych wzor\u00f3w<\/p><\/li><li data-start=\"915\" data-end=\"982\"><p data-start=\"917\" data-end=\"982\">trwa\u0142o\u015b\u0107 i odporno\u015b\u0107 graweru na \u015bcieranie i czynniki zewn\u0119trzne<\/p><\/li><li data-start=\"983\" data-end=\"1027\"><p data-start=\"985\" data-end=\"1027\">szeroki wyb\u00f3r materia\u0142\u00f3w do grawerowania<\/p><\/li><li data-start=\"1028\" data-end=\"1092\"><p data-start=\"1030\" data-end=\"1092\">doradztwo przy projektowaniu oraz szybka realizacja zam\u00f3wie\u0144<\/p><\/li><\/ul><p data-start=\"1094\" data-end=\"1334\">Grawer laserowy z FRP-Reklamy to elegancki i profesjonalny spos\u00f3b na wyr\u00f3\u017cnienie Twojej marki, nadanie indywidualnego charakteru produktom oraz pozostawienie trwa\u0142ego, estetycznego \u015bladu, kt\u00f3ry buduje pozytywne wra\u017cenie w oczach klient\u00f3w.<\/p>\t\t\t\t\t\t\t\t<\/div>\n\t\t\t\t<\/div>\n\t\t<div class=\"elementor-element elementor-element-1719c38 e-con-full e-flex e-con e-child\" data-id=\"1719c38\" data-element_type=\"container\">\n\t\t\t\t<div class=\"elementor-element elementor-element-26b8304 elementor-widget elementor-widget-video\" data-id=\"26b8304\" data-element_type=\"widget\" data-settings=\"{&quot;video_type&quot;:&quot;hosted&quot;,&quot;mute&quot;:&quot;yes&quot;,&quot;controls&quot;:&quot;yes&quot;}\" data-widget_type=\"video.default\">\n\t\t\t\t\t\t\t<div class=\"e-hosted-video elementor-wrapper elementor-open-inline\">\n\t\t\t\t\t<video class=\"elementor-video\" src=\"https:\/\/frp-reklamy.eu\/wp-content\/uploads\/2025\/12\/V9pcIq8i.mp4\" controls=\"\" preload=\"metadata\" muted=\"muted\" controlsList=\"nodownload\"><\/video>\n\t\t\t\t<\/div>\n\t\t\t\t\t\t<\/div>\n\t\t\t\t<\/div>\n\t\t\t\t\t<\/div>\n\t\t\t\t<\/div>\n\t\t\t\t<\/div>\n\t\t","protected":false},"excerpt":{"rendered":"<p>Grawer laserowy \u2013 precyzja i trwa\u0142o\u015b\u0107 w znakowaniu produkt\u00f3w W FRP-Reklamy oferujemy profesjonalny grawer laserowy, kt\u00f3ry pozwala na trwa\u0142e i estetyczne znakowanie r\u00f3\u017cnorodnych materia\u0142\u00f3w, takich jak metal, drewno, szk\u0142o, sk\u00f3ra czy tworzywa sztuczne. Grawerowanie laserowe to idealne rozwi\u0105zanie do personalizacji gad\u017cet\u00f3w, nagr\u00f3d, upomink\u00f3w, tabliczek informacyjnych czy element\u00f3w dekoracyjnych, zapewniaj\u0105c wysoki poziom szczeg\u00f3\u0142owo\u015bci i elegancki efekt [&hellip;]<\/p>\n","protected":false},"author":1,"featured_media":0,"parent":0,"menu_order":0,"comment_status":"closed","ping_status":"closed","template":"","meta":{"footnotes":""},"class_list":["post-22","page","type-page","status-publish","hentry"],"_links":{"self":[{"href":"https:\/\/frp-reklamy.eu\/index.php?rest_route=\/wp\/v2\/pages\/22","targetHints":{"allow":["GET"]}}],"collection":[{"href":"https:\/\/frp-reklamy.eu\/index.php?rest_route=\/wp\/v2\/pages"}],"about":[{"href":"https:\/\/frp-reklamy.eu\/index.php?rest_route=\/wp\/v2\/types\/page"}],"author":[{"embeddable":true,"href":"https:\/\/frp-reklamy.eu\/index.php?rest_route=\/wp\/v2\/users\/1"}],"replies":[{"embeddable":true,"href":"https:\/\/frp-reklamy.eu\/index.php?rest_route=%2Fwp%2Fv2%2Fcomments&post=22"}],"version-history":[{"count":4,"href":"https:\/\/frp-reklamy.eu\/index.php?rest_route=\/wp\/v2\/pages\/22\/revisions"}],"predecessor-version":[{"id":440,"href":"https:\/\/frp-reklamy.eu\/index.php?rest_route=\/wp\/v2\/pages\/22\/revisions\/440"}],"wp:attachment":[{"href":"https:\/\/frp-reklamy.eu\/index.php?rest_route=%2Fwp%2Fv2%2Fmedia&parent=22"}],"curies":[{"name":"wp","href":"https:\/\/api.w.org\/{rel}","templated":true}]}}