{"id":237,"date":"2025-12-31T14:33:36","date_gmt":"2025-12-31T13:33:36","guid":{"rendered":"https:\/\/frp-reklamy.eu\/?page_id=237"},"modified":"2025-12-31T16:32:59","modified_gmt":"2025-12-31T15:32:59","slug":"vouchery","status":"publish","type":"page","link":"https:\/\/frp-reklamy.eu\/?page_id=237","title":{"rendered":"Vouchery"},"content":{"rendered":"\t\t<div data-elementor-type=\"wp-page\" data-elementor-id=\"237\" class=\"elementor elementor-237\">\n\t\t\t\t<div class=\"elementor-element elementor-element-d725a38 e-flex e-con-boxed e-con e-parent\" data-id=\"d725a38\" data-element_type=\"container\">\n\t\t\t\t\t<div class=\"e-con-inner\">\n\t\t<div class=\"elementor-element elementor-element-e214950 e-con-full e-flex e-con e-child\" data-id=\"e214950\" data-element_type=\"container\">\n\t\t\t\t<div class=\"elementor-element elementor-element-3c750bd elementor-widget elementor-widget-text-editor\" data-id=\"3c750bd\" data-element_type=\"widget\" data-widget_type=\"text-editor.default\">\n\t\t\t\t\t\t\t\t\t<h2 data-start=\"78\" data-end=\"106\">Vouchery \u2013 projekt i druk<\/h2><p data-start=\"108\" data-end=\"322\">Vouchery to skuteczna forma promocji us\u0142ug i produkt\u00f3w, kt\u00f3ra sprawdza si\u0119 zar\u00f3wno jako element sprzeda\u017cowy, jak i prezentowy. Estetycznie zaprojektowany voucher podkre\u015bla warto\u015b\u0107 oferty i wzmacnia wizerunek marki.<\/p><p data-start=\"324\" data-end=\"550\">W FRP-Reklamy oferujemy <strong data-start=\"348\" data-end=\"382\">projektowanie i druk voucher\u00f3w<\/strong> dopasowanych do charakteru dzia\u0142alno\u015bci oraz przeznaczenia. Realizujemy vouchery kwotowe, us\u0142ugowe i okazjonalne, wykorzystywane w promocjach i akcjach marketingowych.<\/p><h3 data-start=\"552\" data-end=\"573\">Projekt voucher\u00f3w<\/h3><p data-start=\"574\" data-end=\"618\">Ka\u017cdy projekt przygotowujemy z naciskiem na:<\/p><ul data-start=\"619\" data-end=\"732\"><li data-start=\"619\" data-end=\"653\"><p data-start=\"621\" data-end=\"653\">czytelno\u015b\u0107 warunk\u00f3w realizacji<\/p><\/li><li data-start=\"654\" data-end=\"697\"><p data-start=\"656\" data-end=\"697\">sp\u00f3jno\u015b\u0107 z identyfikacj\u0105 wizualn\u0105 marki<\/p><\/li><li data-start=\"698\" data-end=\"732\"><p data-start=\"700\" data-end=\"732\">estetyczny i przejrzysty uk\u0142ad<\/p><\/li><\/ul><p data-start=\"734\" data-end=\"856\">Na \u017cyczenie klienta tworzymy projekt od podstaw lub przygotowujemy voucher do druku na podstawie dostarczonych materia\u0142\u00f3w.<\/p><h3 data-start=\"858\" data-end=\"876\">Druk voucher\u00f3w<\/h3><p data-start=\"877\" data-end=\"937\">Oferujemy profesjonalny druk voucher\u00f3w w r\u00f3\u017cnych wariantach:<\/p><ul data-start=\"938\" data-end=\"1037\"><li data-start=\"938\" data-end=\"966\"><p data-start=\"940\" data-end=\"966\">druk cyfrowy i offsetowy<\/p><\/li><li data-start=\"967\" data-end=\"999\"><p data-start=\"969\" data-end=\"999\">vouchery jedno- i dwustronne<\/p><\/li><li data-start=\"1000\" data-end=\"1037\"><p data-start=\"1002\" data-end=\"1037\">r\u00f3\u017cne formaty i gramatury papieru<\/p><\/li><\/ul>\t\t\t\t\t\t\t\t<\/div>\n\t\t\t\t<\/div>\n\t\t<div class=\"elementor-element elementor-element-4b4808c e-con-full e-flex e-con e-child\" data-id=\"4b4808c\" data-element_type=\"container\">\n\t\t<div class=\"elementor-element elementor-element-e91ea29 e-con-full e-flex e-con e-child\" data-id=\"e91ea29\" data-element_type=\"container\">\n\t\t\t\t<div class=\"elementor-element elementor-element-7c397cf elementor-widget elementor-widget-video\" data-id=\"7c397cf\" data-element_type=\"widget\" data-settings=\"{&quot;video_type&quot;:&quot;hosted&quot;,&quot;controls&quot;:&quot;yes&quot;}\" data-widget_type=\"video.default\">\n\t\t\t\t\t\t\t<div class=\"e-hosted-video elementor-wrapper elementor-open-inline\">\n\t\t\t\t\t<video class=\"elementor-video\" src=\"https:\/\/frp-reklamy.eu\/wp-content\/uploads\/2025\/12\/iVk9P9YM.mp4\" controls=\"\" preload=\"metadata\" controlsList=\"nodownload\"><\/video>\n\t\t\t\t<\/div>\n\t\t\t\t\t\t<\/div>\n\t\t\t\t<\/div>\n\t\t<div class=\"elementor-element elementor-element-f8f5234 e-con-full e-flex e-con e-child\" data-id=\"f8f5234\" data-element_type=\"container\">\n\t\t\t\t<div class=\"elementor-element elementor-element-8f3f5e7 elementor-widget elementor-widget-image\" data-id=\"8f3f5e7\" data-element_type=\"widget\" data-widget_type=\"image.default\">\n\t\t\t\t\t\t\t\t\t\t\t\t\t\t\t\t<a href=\"https:\/\/frp-reklamy.eu\/wp-content\/uploads\/2025\/12\/K3pcE-lF.jpeg\" data-elementor-open-lightbox=\"yes\" data-elementor-lightbox-title=\"K3pcE-lF\" data-e-action-hash=\"#elementor-action%3Aaction%3Dlightbox%26settings%3DeyJpZCI6MTk2LCJ1cmwiOiJodHRwczpcL1wvZnJwLXJla2xhbXkuZXVcL3dwLWNvbnRlbnRcL3VwbG9hZHNcLzIwMjVcLzEyXC9LM3BjRS1sRi5qcGVnIn0%3D\">\n\t\t\t\t\t\t\t<img fetchpriority=\"high\" decoding=\"async\" width=\"768\" height=\"1024\" src=\"https:\/\/frp-reklamy.eu\/wp-content\/uploads\/2025\/12\/K3pcE-lF-768x1024.jpeg\" class=\"attachment-large size-large wp-image-196\" alt=\"\" srcset=\"https:\/\/frp-reklamy.eu\/wp-content\/uploads\/2025\/12\/K3pcE-lF-768x1024.jpeg 768w, https:\/\/frp-reklamy.eu\/wp-content\/uploads\/2025\/12\/K3pcE-lF-225x300.jpeg 225w, https:\/\/frp-reklamy.eu\/wp-content\/uploads\/2025\/12\/K3pcE-lF-1152x1536.jpeg 1152w, https:\/\/frp-reklamy.eu\/wp-content\/uploads\/2025\/12\/K3pcE-lF.jpeg 1536w\" sizes=\"(max-width: 768px) 100vw, 768px\" \/>\t\t\t\t\t\t\t\t<\/a>\n\t\t\t\t\t\t\t\t\t\t\t\t\t\t\t<\/div>\n\t\t\t\t<\/div>\n\t\t\t\t<\/div>\n\t\t\t\t\t<\/div>\n\t\t\t\t<\/div>\n\t\t\t\t<\/div>\n\t\t","protected":false},"excerpt":{"rendered":"<p>Vouchery \u2013 projekt i druk Vouchery to skuteczna forma promocji us\u0142ug i produkt\u00f3w, kt\u00f3ra sprawdza si\u0119 zar\u00f3wno jako element sprzeda\u017cowy, jak i prezentowy. Estetycznie zaprojektowany voucher podkre\u015bla warto\u015b\u0107 oferty i wzmacnia wizerunek marki. W FRP-Reklamy oferujemy projektowanie i druk voucher\u00f3w dopasowanych do charakteru dzia\u0142alno\u015bci oraz przeznaczenia. Realizujemy vouchery kwotowe, us\u0142ugowe i okazjonalne, wykorzystywane w promocjach [&hellip;]<\/p>\n","protected":false},"author":1,"featured_media":0,"parent":0,"menu_order":0,"comment_status":"closed","ping_status":"closed","template":"","meta":{"footnotes":""},"class_list":["post-237","page","type-page","status-publish","hentry"],"_links":{"self":[{"href":"https:\/\/frp-reklamy.eu\/index.php?rest_route=\/wp\/v2\/pages\/237","targetHints":{"allow":["GET"]}}],"collection":[{"href":"https:\/\/frp-reklamy.eu\/index.php?rest_route=\/wp\/v2\/pages"}],"about":[{"href":"https:\/\/frp-reklamy.eu\/index.php?rest_route=\/wp\/v2\/types\/page"}],"author":[{"embeddable":true,"href":"https:\/\/frp-reklamy.eu\/index.php?rest_route=\/wp\/v2\/users\/1"}],"replies":[{"embeddable":true,"href":"https:\/\/frp-reklamy.eu\/index.php?rest_route=%2Fwp%2Fv2%2Fcomments&post=237"}],"version-history":[{"count":10,"href":"https:\/\/frp-reklamy.eu\/index.php?rest_route=\/wp\/v2\/pages\/237\/revisions"}],"predecessor-version":[{"id":446,"href":"https:\/\/frp-reklamy.eu\/index.php?rest_route=\/wp\/v2\/pages\/237\/revisions\/446"}],"wp:attachment":[{"href":"https:\/\/frp-reklamy.eu\/index.php?rest_route=%2Fwp%2Fv2%2Fmedia&parent=237"}],"curies":[{"name":"wp","href":"https:\/\/api.w.org\/{rel}","templated":true}]}}