{"id":241,"date":"2025-12-31T14:33:51","date_gmt":"2025-12-31T13:33:51","guid":{"rendered":"https:\/\/frp-reklamy.eu\/?page_id=241"},"modified":"2025-12-31T15:14:29","modified_gmt":"2025-12-31T14:14:29","slug":"kalendarze","status":"publish","type":"page","link":"https:\/\/frp-reklamy.eu\/?page_id=241","title":{"rendered":"Kalendarze"},"content":{"rendered":"\t\t<div data-elementor-type=\"wp-page\" data-elementor-id=\"241\" class=\"elementor elementor-241\">\n\t\t\t\t<div class=\"elementor-element elementor-element-c72c042 e-flex e-con-boxed e-con e-parent\" data-id=\"c72c042\" data-element_type=\"container\">\n\t\t\t\t\t<div class=\"e-con-inner\">\n\t\t<div class=\"elementor-element elementor-element-c08e800 e-con-full e-flex e-con e-child\" data-id=\"c08e800\" data-element_type=\"container\">\n\t\t\t\t<div class=\"elementor-element elementor-element-baf5927 elementor-widget elementor-widget-text-editor\" data-id=\"baf5927\" data-element_type=\"widget\" data-widget_type=\"text-editor.default\">\n\t\t\t\t\t\t\t\t\t<hr data-start=\"66\" data-end=\"69\" \/><h2 data-start=\"71\" data-end=\"103\">Kalendarze \u2013 ok\u0142adki wypalane<\/h2><p data-start=\"105\" data-end=\"337\">Kalendarze z <strong data-start=\"118\" data-end=\"138\">wypalan\u0105 ok\u0142adk\u0105<\/strong> to trwa\u0142a i elegancka forma materia\u0142u reklamowego. Technika wypalania pozwala uzyska\u0107 precyzyjne i estetyczne oznaczenia, kt\u00f3re nie \u015bcieraj\u0105 si\u0119 i zachowuj\u0105 sw\u00f3j wygl\u0105d przez ca\u0142y okres u\u017cytkowania.<\/p><p data-start=\"339\" data-end=\"539\">W FRP-Reklamy oferujemy <strong data-start=\"363\" data-end=\"400\">kalendarze z ok\u0142adkami wypalanymi<\/strong>, wykonywane z dba\u0142o\u015bci\u0105 o detale. Wypalanie umo\u017cliwia naniesienie logo, nazwy firmy lub element\u00f3w graficznych bez u\u017cycia farb czy nadruku.<\/p><h3 data-start=\"541\" data-end=\"561\">Ok\u0142adki wypalane<\/h3><p data-start=\"562\" data-end=\"590\">Proces wypalania pozwala na:<\/p><ul data-start=\"591\" data-end=\"737\"><li data-start=\"591\" data-end=\"620\"><p data-start=\"593\" data-end=\"620\">trwa\u0142e oznaczenie ok\u0142adki<\/p><\/li><li data-start=\"621\" data-end=\"661\"><p data-start=\"623\" data-end=\"661\">estetyczny, naturalny efekt wizualny<\/p><\/li><li data-start=\"662\" data-end=\"696\"><p data-start=\"664\" data-end=\"696\">precyzyjne odwzorowanie detali<\/p><\/li><li data-start=\"697\" data-end=\"737\"><p data-start=\"699\" data-end=\"737\">odporno\u015b\u0107 na \u015bcieranie i uszkodzenia<\/p><\/li><\/ul><h3 data-start=\"739\" data-end=\"772\">Kalendarze z wypalan\u0105 ok\u0142adk\u0105<\/h3><p data-start=\"773\" data-end=\"818\">Wykonujemy kalendarze z ok\u0142adkami wypalanymi:<\/p><ul data-start=\"819\" data-end=\"932\"><li data-start=\"819\" data-end=\"842\"><p data-start=\"821\" data-end=\"842\">w r\u00f3\u017cnych formatach<\/p><\/li><li data-start=\"843\" data-end=\"880\"><p data-start=\"845\" data-end=\"880\">z dopasowanym uk\u0142adem kalendarium<\/p><\/li><li data-start=\"881\" data-end=\"932\"><p data-start=\"883\" data-end=\"932\">przeznaczone do u\u017cytku firmowego i promocyjnego<\/p><\/li><\/ul>\t\t\t\t\t\t\t\t<\/div>\n\t\t\t\t<\/div>\n\t\t<div class=\"elementor-element elementor-element-62a4573 e-con-full e-flex e-con e-child\" data-id=\"62a4573\" data-element_type=\"container\">\n\t\t<div class=\"elementor-element elementor-element-a92c2da e-con-full e-flex e-con e-child\" data-id=\"a92c2da\" data-element_type=\"container\">\n\t\t\t\t<div class=\"elementor-element elementor-element-3070db3 elementor-widget elementor-widget-video\" data-id=\"3070db3\" data-element_type=\"widget\" data-settings=\"{&quot;video_type&quot;:&quot;hosted&quot;,&quot;mute&quot;:&quot;yes&quot;,&quot;controls&quot;:&quot;yes&quot;}\" data-widget_type=\"video.default\">\n\t\t\t\t\t\t\t<div class=\"e-hosted-video elementor-wrapper elementor-open-inline\">\n\t\t\t\t\t<video class=\"elementor-video\" src=\"https:\/\/frp-reklamy.eu\/wp-content\/uploads\/2025\/12\/5BX236RQ.mp4\" controls=\"\" preload=\"metadata\" muted=\"muted\" controlsList=\"nodownload\"><\/video>\n\t\t\t\t<\/div>\n\t\t\t\t\t\t<\/div>\n\t\t\t\t<\/div>\n\t\t<div class=\"elementor-element elementor-element-e698760 e-con-full e-flex e-con e-child\" data-id=\"e698760\" data-element_type=\"container\">\n\t\t\t\t<div class=\"elementor-element elementor-element-880a9e8 elementor-widget elementor-widget-image\" data-id=\"880a9e8\" data-element_type=\"widget\" data-widget_type=\"image.default\">\n\t\t\t\t\t\t\t\t\t\t\t\t<figure class=\"wp-caption\">\n\t\t\t\t\t\t\t\t\t\t\t<a href=\"https:\/\/frp-reklamy.eu\/wp-content\/uploads\/2025\/12\/hJIRRsUC.jpeg\" data-elementor-open-lightbox=\"yes\" data-elementor-lightbox-title=\"hJIRRsUC\" data-e-action-hash=\"#elementor-action%3Aaction%3Dlightbox%26settings%3DeyJpZCI6MTk3LCJ1cmwiOiJodHRwczpcL1wvZnJwLXJla2xhbXkuZXVcL3dwLWNvbnRlbnRcL3VwbG9hZHNcLzIwMjVcLzEyXC9oSklSUnNVQy5qcGVnIn0%3D\">\n\t\t\t\t\t\t\t<img fetchpriority=\"high\" decoding=\"async\" width=\"577\" height=\"1024\" src=\"https:\/\/frp-reklamy.eu\/wp-content\/uploads\/2025\/12\/hJIRRsUC-577x1024.jpeg\" class=\"attachment-large size-large wp-image-197\" alt=\"\" srcset=\"https:\/\/frp-reklamy.eu\/wp-content\/uploads\/2025\/12\/hJIRRsUC-577x1024.jpeg 577w, https:\/\/frp-reklamy.eu\/wp-content\/uploads\/2025\/12\/hJIRRsUC-169x300.jpeg 169w, https:\/\/frp-reklamy.eu\/wp-content\/uploads\/2025\/12\/hJIRRsUC-768x1363.jpeg 768w, https:\/\/frp-reklamy.eu\/wp-content\/uploads\/2025\/12\/hJIRRsUC-866x1536.jpeg 866w, https:\/\/frp-reklamy.eu\/wp-content\/uploads\/2025\/12\/hJIRRsUC.jpeg 1154w\" sizes=\"(max-width: 577px) 100vw, 577px\" \/>\t\t\t\t\t\t\t\t<\/a>\n\t\t\t\t\t\t\t\t\t\t\t<figcaption class=\"widget-image-caption wp-caption-text\"><\/figcaption>\n\t\t\t\t\t\t\t\t\t\t<\/figure>\n\t\t\t\t\t\t\t\t\t<\/div>\n\t\t\t\t<\/div>\n\t\t\t\t<\/div>\n\t\t\t\t\t<\/div>\n\t\t\t\t<\/div>\n\t\t\t\t<\/div>\n\t\t","protected":false},"excerpt":{"rendered":"<p>Kalendarze \u2013 ok\u0142adki wypalane Kalendarze z wypalan\u0105 ok\u0142adk\u0105 to trwa\u0142a i elegancka forma materia\u0142u reklamowego. Technika wypalania pozwala uzyska\u0107 precyzyjne i estetyczne oznaczenia, kt\u00f3re nie \u015bcieraj\u0105 si\u0119 i zachowuj\u0105 sw\u00f3j wygl\u0105d przez ca\u0142y okres u\u017cytkowania. W FRP-Reklamy oferujemy kalendarze z ok\u0142adkami wypalanymi, wykonywane z dba\u0142o\u015bci\u0105 o detale. Wypalanie umo\u017cliwia naniesienie logo, nazwy firmy lub element\u00f3w [&hellip;]<\/p>\n","protected":false},"author":1,"featured_media":0,"parent":0,"menu_order":0,"comment_status":"closed","ping_status":"closed","template":"","meta":{"footnotes":""},"class_list":["post-241","page","type-page","status-publish","hentry"],"_links":{"self":[{"href":"https:\/\/frp-reklamy.eu\/index.php?rest_route=\/wp\/v2\/pages\/241","targetHints":{"allow":["GET"]}}],"collection":[{"href":"https:\/\/frp-reklamy.eu\/index.php?rest_route=\/wp\/v2\/pages"}],"about":[{"href":"https:\/\/frp-reklamy.eu\/index.php?rest_route=\/wp\/v2\/types\/page"}],"author":[{"embeddable":true,"href":"https:\/\/frp-reklamy.eu\/index.php?rest_route=\/wp\/v2\/users\/1"}],"replies":[{"embeddable":true,"href":"https:\/\/frp-reklamy.eu\/index.php?rest_route=%2Fwp%2Fv2%2Fcomments&post=241"}],"version-history":[{"count":16,"href":"https:\/\/frp-reklamy.eu\/index.php?rest_route=\/wp\/v2\/pages\/241\/revisions"}],"predecessor-version":[{"id":321,"href":"https:\/\/frp-reklamy.eu\/index.php?rest_route=\/wp\/v2\/pages\/241\/revisions\/321"}],"wp:attachment":[{"href":"https:\/\/frp-reklamy.eu\/index.php?rest_route=%2Fwp%2Fv2%2Fmedia&parent=241"}],"curies":[{"name":"wp","href":"https:\/\/api.w.org\/{rel}","templated":true}]}}