{"id":243,"date":"2025-12-31T14:33:58","date_gmt":"2025-12-31T13:33:58","guid":{"rendered":"https:\/\/frp-reklamy.eu\/?page_id=243"},"modified":"2025-12-31T15:18:30","modified_gmt":"2025-12-31T14:18:30","slug":"pieczatki","status":"publish","type":"page","link":"https:\/\/frp-reklamy.eu\/?page_id=243","title":{"rendered":"Piecz\u0105tki"},"content":{"rendered":"\t\t<div data-elementor-type=\"wp-page\" data-elementor-id=\"243\" class=\"elementor elementor-243\">\n\t\t\t\t<div class=\"elementor-element elementor-element-94f1ee5 e-flex e-con-boxed e-con e-parent\" data-id=\"94f1ee5\" data-element_type=\"container\">\n\t\t\t\t\t<div class=\"e-con-inner\">\n\t\t<div class=\"elementor-element elementor-element-2d74cae e-con-full e-flex e-con e-child\" data-id=\"2d74cae\" data-element_type=\"container\">\n\t\t\t\t<div class=\"elementor-element elementor-element-3073145 elementor-widget elementor-widget-text-editor\" data-id=\"3073145\" data-element_type=\"widget\" data-widget_type=\"text-editor.default\">\n\t\t\t\t\t\t\t\t\t<h2 data-start=\"59\" data-end=\"82\">Wyrabianie piecz\u0105tek<\/h2><p data-start=\"84\" data-end=\"306\">Oferujemy <strong data-start=\"94\" data-end=\"128\">wyrabianie piecz\u0105tek firmowych<\/strong> przeznaczonych do codziennego u\u017cytku w biurach, firmach i instytucjach. Piecz\u0105tki wykonujemy w technologii zapewniaj\u0105cej wyra\u017ane odbicie i trwa\u0142o\u015b\u0107 przez d\u0142ugi czas u\u017cytkowania.<\/p><p data-start=\"308\" data-end=\"422\">Realizujemy piecz\u0105tki imienne, firmowe oraz adresowe, przygotowane na podstawie dostarczonych danych lub projektu.<\/p><h3 data-start=\"424\" data-end=\"445\">Piecz\u0105tki firmowe<\/h3><p data-start=\"446\" data-end=\"467\">Wykonujemy piecz\u0105tki:<\/p><ul data-start=\"468\" data-end=\"542\"><li data-start=\"468\" data-end=\"489\"><p data-start=\"470\" data-end=\"489\">firmowe i imienne<\/p><\/li><li data-start=\"490\" data-end=\"514\"><p data-start=\"492\" data-end=\"514\">adresowe i funkcyjne<\/p><\/li><li data-start=\"515\" data-end=\"542\"><p data-start=\"517\" data-end=\"542\">jedno- i wielowierszowe<\/p><\/li><\/ul><p data-start=\"544\" data-end=\"617\">Dbamy o czytelno\u015b\u0107 tre\u015bci, poprawny uk\u0142ad danych oraz estetyk\u0119 wykonania.<\/p><h3 data-start=\"619\" data-end=\"642\">Wykonanie piecz\u0105tek<\/h3><p data-start=\"643\" data-end=\"659\">Proces obejmuje:<\/p><ul data-start=\"660\" data-end=\"760\"><li data-start=\"660\" data-end=\"696\"><p data-start=\"662\" data-end=\"696\">przygotowanie projektu piecz\u0105tki<\/p><\/li><li data-start=\"697\" data-end=\"729\"><p data-start=\"699\" data-end=\"729\">precyzyjne wykonanie matrycy<\/p><\/li><li data-start=\"730\" data-end=\"760\"><p data-start=\"732\" data-end=\"760\">monta\u017c w solidnej obudowie<\/p><\/li><\/ul><p data-start=\"762\" data-end=\"836\">Piecz\u0105tki s\u0105 gotowe do u\u017cycia i przystosowane do intensywnej eksploatacji.<\/p>\t\t\t\t\t\t\t\t<\/div>\n\t\t\t\t<\/div>\n\t\t<div class=\"elementor-element elementor-element-53eebde e-con-full e-flex e-con e-child\" data-id=\"53eebde\" data-element_type=\"container\">\n\t\t<div class=\"elementor-element elementor-element-aaf79eb e-con-full e-flex e-con e-child\" data-id=\"aaf79eb\" data-element_type=\"container\">\n\t\t\t\t<\/div>\n\t\t<div class=\"elementor-element elementor-element-5129112 e-con-full e-flex e-con e-child\" data-id=\"5129112\" data-element_type=\"container\">\n\t\t\t\t<div class=\"elementor-element elementor-element-e46f64f elementor-widget elementor-widget-image\" data-id=\"e46f64f\" data-element_type=\"widget\" data-widget_type=\"image.default\">\n\t\t\t\t\t\t\t\t\t\t\t\t<figure class=\"wp-caption\">\n\t\t\t\t\t\t\t\t\t\t\t<a href=\"https:\/\/frp-reklamy.eu\/wp-content\/uploads\/2025\/12\/8D7h6UFv.jpeg\" data-elementor-open-lightbox=\"yes\" data-elementor-lightbox-title=\"PIECZ\u0104TKI FRP\" data-e-action-hash=\"#elementor-action%3Aaction%3Dlightbox%26settings%3DeyJpZCI6MTk4LCJ1cmwiOiJodHRwczpcL1wvZnJwLXJla2xhbXkuZXVcL3dwLWNvbnRlbnRcL3VwbG9hZHNcLzIwMjVcLzEyXC84RDdoNlVGdi5qcGVnIn0%3D\">\n\t\t\t\t\t\t\t<img fetchpriority=\"high\" decoding=\"async\" width=\"768\" height=\"1024\" src=\"https:\/\/frp-reklamy.eu\/wp-content\/uploads\/2025\/12\/8D7h6UFv-768x1024.jpeg\" class=\"attachment-large size-large wp-image-198\" alt=\"\" srcset=\"https:\/\/frp-reklamy.eu\/wp-content\/uploads\/2025\/12\/8D7h6UFv-768x1024.jpeg 768w, https:\/\/frp-reklamy.eu\/wp-content\/uploads\/2025\/12\/8D7h6UFv-225x300.jpeg 225w, https:\/\/frp-reklamy.eu\/wp-content\/uploads\/2025\/12\/8D7h6UFv-1152x1536.jpeg 1152w, https:\/\/frp-reklamy.eu\/wp-content\/uploads\/2025\/12\/8D7h6UFv.jpeg 1536w\" sizes=\"(max-width: 768px) 100vw, 768px\" \/>\t\t\t\t\t\t\t\t<\/a>\n\t\t\t\t\t\t\t\t\t\t\t<figcaption class=\"widget-image-caption wp-caption-text\"><\/figcaption>\n\t\t\t\t\t\t\t\t\t\t<\/figure>\n\t\t\t\t\t\t\t\t\t<\/div>\n\t\t\t\t<\/div>\n\t\t\t\t<\/div>\n\t\t\t\t\t<\/div>\n\t\t\t\t<\/div>\n\t\t\t\t<\/div>\n\t\t","protected":false},"excerpt":{"rendered":"<p>Wyrabianie piecz\u0105tek Oferujemy wyrabianie piecz\u0105tek firmowych przeznaczonych do codziennego u\u017cytku w biurach, firmach i instytucjach. Piecz\u0105tki wykonujemy w technologii zapewniaj\u0105cej wyra\u017ane odbicie i trwa\u0142o\u015b\u0107 przez d\u0142ugi czas u\u017cytkowania. Realizujemy piecz\u0105tki imienne, firmowe oraz adresowe, przygotowane na podstawie dostarczonych danych lub projektu. Piecz\u0105tki firmowe Wykonujemy piecz\u0105tki: firmowe i imienne adresowe i funkcyjne jedno- i wielowierszowe Dbamy [&hellip;]<\/p>\n","protected":false},"author":1,"featured_media":0,"parent":0,"menu_order":0,"comment_status":"closed","ping_status":"closed","template":"","meta":{"footnotes":""},"class_list":["post-243","page","type-page","status-publish","hentry"],"_links":{"self":[{"href":"https:\/\/frp-reklamy.eu\/index.php?rest_route=\/wp\/v2\/pages\/243","targetHints":{"allow":["GET"]}}],"collection":[{"href":"https:\/\/frp-reklamy.eu\/index.php?rest_route=\/wp\/v2\/pages"}],"about":[{"href":"https:\/\/frp-reklamy.eu\/index.php?rest_route=\/wp\/v2\/types\/page"}],"author":[{"embeddable":true,"href":"https:\/\/frp-reklamy.eu\/index.php?rest_route=\/wp\/v2\/users\/1"}],"replies":[{"embeddable":true,"href":"https:\/\/frp-reklamy.eu\/index.php?rest_route=%2Fwp%2Fv2%2Fcomments&post=243"}],"version-history":[{"count":4,"href":"https:\/\/frp-reklamy.eu\/index.php?rest_route=\/wp\/v2\/pages\/243\/revisions"}],"predecessor-version":[{"id":325,"href":"https:\/\/frp-reklamy.eu\/index.php?rest_route=\/wp\/v2\/pages\/243\/revisions\/325"}],"wp:attachment":[{"href":"https:\/\/frp-reklamy.eu\/index.php?rest_route=%2Fwp%2Fv2%2Fmedia&parent=243"}],"curies":[{"name":"wp","href":"https:\/\/api.w.org\/{rel}","templated":true}]}}