{"id":245,"date":"2025-12-31T14:34:06","date_gmt":"2025-12-31T13:34:06","guid":{"rendered":"https:\/\/frp-reklamy.eu\/?page_id=245"},"modified":"2025-12-31T15:24:14","modified_gmt":"2025-12-31T14:24:14","slug":"banery","status":"publish","type":"page","link":"https:\/\/frp-reklamy.eu\/?page_id=245","title":{"rendered":"Banery"},"content":{"rendered":"\t\t<div data-elementor-type=\"wp-page\" data-elementor-id=\"245\" class=\"elementor elementor-245\">\n\t\t\t\t<div class=\"elementor-element elementor-element-b1e3405 e-flex e-con-boxed e-con e-parent\" data-id=\"b1e3405\" data-element_type=\"container\">\n\t\t\t\t\t<div class=\"e-con-inner\">\n\t\t<div class=\"elementor-element elementor-element-fbc14c2 e-con-full e-flex e-con e-child\" data-id=\"fbc14c2\" data-element_type=\"container\">\n\t\t\t\t<div class=\"elementor-element elementor-element-073d70b elementor-widget elementor-widget-text-editor\" data-id=\"073d70b\" data-element_type=\"widget\" data-widget_type=\"text-editor.default\">\n\t\t\t\t\t\t\t\t\t<h2 data-start=\"50\" data-end=\"82\">Druk wielkoformatowy \u2013 banery reklamowe<\/h2><p data-start=\"84\" data-end=\"299\">Oferujemy <strong data-start=\"94\" data-end=\"138\">druk wielkoformatowy baner\u00f3w reklamowych<\/strong> przeznaczonych do zastosowa\u0144 zewn\u0119trznych i wewn\u0119trznych. Banery to trwa\u0142a i skuteczna forma reklamy, odporna na warunki atmosferyczne i intensywne u\u017cytkowanie.<\/p><p data-start=\"301\" data-end=\"450\">W FRP-Reklamy wykonujemy banery reklamowe na solidnych materia\u0142ach, zapewniaj\u0105cych dobr\u0105 widoczno\u015b\u0107 grafiki i czytelno\u015b\u0107 przekazu z du\u017cej odleg\u0142o\u015bci.<\/p><h3 data-start=\"452\" data-end=\"472\">Realizujemy banery:<\/h3><ul data-start=\"493\" data-end=\"601\"><li data-start=\"493\" data-end=\"521\"><p data-start=\"495\" data-end=\"521\">reklamowe i informacyjne<\/p><\/li><li data-start=\"522\" data-end=\"564\"><p data-start=\"524\" data-end=\"564\">do monta\u017cu zewn\u0119trznego i wewn\u0119trznego<\/p><\/li><li data-start=\"565\" data-end=\"601\"><p data-start=\"567\" data-end=\"601\">w r\u00f3\u017cnych formatach i rozmiarach<\/p><\/li><\/ul><p data-start=\"603\" data-end=\"699\">Ka\u017cdy baner przygotowywany jest na podstawie projektu klienta lub projektu wykonanego przez nas.<\/p><h3 data-start=\"701\" data-end=\"728\">Wykonanie i wyko\u0144czenie<\/h3><p data-start=\"729\" data-end=\"739\">Oferujemy:<\/p><ul data-start=\"740\" data-end=\"853\"><li data-start=\"740\" data-end=\"781\"><p data-start=\"742\" data-end=\"781\">wysokiej jako\u015bci druk wielkoformatowy<\/p><\/li><li data-start=\"782\" data-end=\"811\"><p data-start=\"784\" data-end=\"811\">trwa\u0142e materia\u0142y banerowe<\/p><\/li><li data-start=\"812\" data-end=\"853\"><p data-start=\"814\" data-end=\"853\">oczkowanie i przygotowanie do monta\u017cu<\/p><\/li><\/ul><p data-start=\"855\" data-end=\"941\">Banery sprawdzaj\u0105 si\u0119 jako reklama firm, wydarze\u0144, inwestycji oraz promocji czasowych.<\/p>\t\t\t\t\t\t\t\t<\/div>\n\t\t\t\t<\/div>\n\t\t<div class=\"elementor-element elementor-element-2f279db e-con-full e-flex e-con e-child\" data-id=\"2f279db\" data-element_type=\"container\">\n\t\t<div class=\"elementor-element elementor-element-48aa5ec e-con-full e-flex e-con e-child\" data-id=\"48aa5ec\" data-element_type=\"container\">\n\t\t\t\t<div class=\"elementor-element elementor-element-a295980 elementor-widget__width-initial elementor-widget elementor-widget-video\" data-id=\"a295980\" data-element_type=\"widget\" data-settings=\"{&quot;video_type&quot;:&quot;hosted&quot;,&quot;mute&quot;:&quot;yes&quot;,&quot;controls&quot;:&quot;yes&quot;}\" data-widget_type=\"video.default\">\n\t\t\t\t\t\t\t<div class=\"e-hosted-video elementor-wrapper elementor-open-inline\">\n\t\t\t\t\t<video class=\"elementor-video\" src=\"https:\/\/frp-reklamy.eu\/wp-content\/uploads\/2025\/12\/BW_9kvSy.mp4\" controls=\"\" preload=\"metadata\" muted=\"muted\" controlsList=\"nodownload\"><\/video>\n\t\t\t\t<\/div>\n\t\t\t\t\t\t<\/div>\n\t\t\t\t<\/div>\n\t\t\t\t<\/div>\n\t\t\t\t\t<\/div>\n\t\t\t\t<\/div>\n\t\t\t\t<\/div>\n\t\t","protected":false},"excerpt":{"rendered":"<p>Druk wielkoformatowy \u2013 banery reklamowe Oferujemy druk wielkoformatowy baner\u00f3w reklamowych przeznaczonych do zastosowa\u0144 zewn\u0119trznych i wewn\u0119trznych. Banery to trwa\u0142a i skuteczna forma reklamy, odporna na warunki atmosferyczne i intensywne u\u017cytkowanie. W FRP-Reklamy wykonujemy banery reklamowe na solidnych materia\u0142ach, zapewniaj\u0105cych dobr\u0105 widoczno\u015b\u0107 grafiki i czytelno\u015b\u0107 przekazu z du\u017cej odleg\u0142o\u015bci. Realizujemy banery: reklamowe i informacyjne do monta\u017cu [&hellip;]<\/p>\n","protected":false},"author":1,"featured_media":0,"parent":0,"menu_order":0,"comment_status":"closed","ping_status":"closed","template":"","meta":{"footnotes":""},"class_list":["post-245","page","type-page","status-publish","hentry"],"_links":{"self":[{"href":"https:\/\/frp-reklamy.eu\/index.php?rest_route=\/wp\/v2\/pages\/245","targetHints":{"allow":["GET"]}}],"collection":[{"href":"https:\/\/frp-reklamy.eu\/index.php?rest_route=\/wp\/v2\/pages"}],"about":[{"href":"https:\/\/frp-reklamy.eu\/index.php?rest_route=\/wp\/v2\/types\/page"}],"author":[{"embeddable":true,"href":"https:\/\/frp-reklamy.eu\/index.php?rest_route=\/wp\/v2\/users\/1"}],"replies":[{"embeddable":true,"href":"https:\/\/frp-reklamy.eu\/index.php?rest_route=%2Fwp%2Fv2%2Fcomments&post=245"}],"version-history":[{"count":4,"href":"https:\/\/frp-reklamy.eu\/index.php?rest_route=\/wp\/v2\/pages\/245\/revisions"}],"predecessor-version":[{"id":330,"href":"https:\/\/frp-reklamy.eu\/index.php?rest_route=\/wp\/v2\/pages\/245\/revisions\/330"}],"wp:attachment":[{"href":"https:\/\/frp-reklamy.eu\/index.php?rest_route=%2Fwp%2Fv2%2Fmedia&parent=245"}],"curies":[{"name":"wp","href":"https:\/\/api.w.org\/{rel}","templated":true}]}}