{"id":247,"date":"2025-12-31T14:34:18","date_gmt":"2025-12-31T13:34:18","guid":{"rendered":"https:\/\/frp-reklamy.eu\/?page_id=247"},"modified":"2025-12-31T15:29:09","modified_gmt":"2025-12-31T14:29:09","slug":"folie-samoprzylepne","status":"publish","type":"page","link":"https:\/\/frp-reklamy.eu\/?page_id=247","title":{"rendered":"Folie Samoprzylepne"},"content":{"rendered":"\t\t<div data-elementor-type=\"wp-page\" data-elementor-id=\"247\" class=\"elementor elementor-247\">\n\t\t\t\t<div class=\"elementor-element elementor-element-4d610c5 e-flex e-con-boxed e-con e-parent\" data-id=\"4d610c5\" data-element_type=\"container\">\n\t\t\t\t\t<div class=\"e-con-inner\">\n\t\t<div class=\"elementor-element elementor-element-741cd85 e-con-full e-flex e-con e-child\" data-id=\"741cd85\" data-element_type=\"container\">\n\t\t\t\t<div class=\"elementor-element elementor-element-8168e88 elementor-widget elementor-widget-text-editor\" data-id=\"8168e88\" data-element_type=\"widget\" data-widget_type=\"text-editor.default\">\n\t\t\t\t\t\t\t\t\t<p data-start=\"101\" data-end=\"171\"><strong data-start=\"101\" data-end=\"169\">Naklejki samoprzylepne \u2013 skuteczna forma reklamy i identyfikacji<\/strong><\/p><p data-start=\"173\" data-end=\"440\">W FRP-Reklamy oferujemy druk naklejek samoprzylepnych w r\u00f3\u017cnych rozmiarach, kszta\u0142tach i wyko\u0144czeniach, dostosowanych do indywidualnych potrzeb klienta. Nasze naklejki sprawdzaj\u0105 si\u0119 zar\u00f3wno w promocji produkt\u00f3w, jak i w celach informacyjnych czy identyfikacyjnych.<\/p><p data-start=\"442\" data-end=\"486\"><strong data-start=\"442\" data-end=\"484\">Zastosowanie naklejek samoprzylepnych:<\/strong><\/p><ul data-start=\"487\" data-end=\"651\"><li data-start=\"487\" data-end=\"522\"><p data-start=\"489\" data-end=\"522\">znakowanie produkt\u00f3w i opakowa\u0144<\/p><\/li><li data-start=\"523\" data-end=\"559\"><p data-start=\"525\" data-end=\"559\">materia\u0142y reklamowe i promocyjne<\/p><\/li><li data-start=\"560\" data-end=\"600\"><p data-start=\"562\" data-end=\"600\">etykiety informacyjne i ostrzegawcze<\/p><\/li><li data-start=\"601\" data-end=\"651\"><p data-start=\"603\" data-end=\"651\">personalizacja gad\u017cet\u00f3w i materia\u0142\u00f3w biurowych<\/p><\/li><\/ul><p data-start=\"653\" data-end=\"693\"><strong data-start=\"653\" data-end=\"691\">Dlaczego warto wybra\u0107 FRP-Reklamy:<\/strong><\/p><ul data-start=\"694\" data-end=\"870\"><li data-start=\"694\" data-end=\"734\"><p data-start=\"696\" data-end=\"734\">kompleksowa obs\u0142uga \u2013 projekt i druk<\/p><\/li><li data-start=\"735\" data-end=\"771\"><p data-start=\"737\" data-end=\"771\">wysoka trwa\u0142o\u015b\u0107 i jako\u015b\u0107 wydruku<\/p><\/li><li data-start=\"772\" data-end=\"819\"><p data-start=\"774\" data-end=\"819\">mo\u017cliwo\u015b\u0107 druku w ma\u0142ych i du\u017cych nak\u0142adach<\/p><\/li><li data-start=\"820\" data-end=\"870\"><p data-start=\"822\" data-end=\"870\">doradztwo przy wyborze materia\u0142u i wyko\u0144czenia<\/p><\/li><\/ul><p data-start=\"872\" data-end=\"990\">Naklejki samoprzylepne z FRP-Reklamy to trwa\u0142e, estetyczne i skuteczne narz\u0119dzie wspieraj\u0105ce wizerunek Twojej firmy.<\/p>\t\t\t\t\t\t\t\t<\/div>\n\t\t\t\t<\/div>\n\t\t<div class=\"elementor-element elementor-element-54cf6ee e-con-full e-flex e-con e-child\" data-id=\"54cf6ee\" data-element_type=\"container\">\n\t\t<div class=\"elementor-element elementor-element-cada709 e-con-full e-flex e-con e-child\" data-id=\"cada709\" data-element_type=\"container\">\n\t\t\t\t<div class=\"elementor-element elementor-element-f688f1f elementor-widget elementor-widget-video\" data-id=\"f688f1f\" data-element_type=\"widget\" data-settings=\"{&quot;video_type&quot;:&quot;hosted&quot;,&quot;controls&quot;:&quot;yes&quot;}\" data-widget_type=\"video.default\">\n\t\t\t\t\t\t\t<div class=\"e-hosted-video elementor-wrapper elementor-open-inline\">\n\t\t\t\t\t<video class=\"elementor-video\" src=\"https:\/\/frp-reklamy.eu\/wp-content\/uploads\/2025\/12\/O_3jlj5p.mp4\" controls=\"\" preload=\"metadata\" controlsList=\"nodownload\"><\/video>\n\t\t\t\t<\/div>\n\t\t\t\t\t\t<\/div>\n\t\t\t\t<\/div>\n\t\t<div class=\"elementor-element elementor-element-f918d6b e-con-full e-flex e-con e-child\" data-id=\"f918d6b\" data-element_type=\"container\">\n\t\t\t\t<div class=\"elementor-element elementor-element-684299a elementor-widget elementor-widget-image\" data-id=\"684299a\" data-element_type=\"widget\" data-widget_type=\"image.default\">\n\t\t\t\t\t\t\t\t\t\t\t\t\t\t\t<img fetchpriority=\"high\" decoding=\"async\" width=\"768\" height=\"1024\" src=\"https:\/\/frp-reklamy.eu\/wp-content\/uploads\/2025\/12\/CmQd3-XJ-768x1024.jpeg\" class=\"attachment-large size-large wp-image-332\" alt=\"\" srcset=\"https:\/\/frp-reklamy.eu\/wp-content\/uploads\/2025\/12\/CmQd3-XJ-768x1024.jpeg 768w, https:\/\/frp-reklamy.eu\/wp-content\/uploads\/2025\/12\/CmQd3-XJ-225x300.jpeg 225w, https:\/\/frp-reklamy.eu\/wp-content\/uploads\/2025\/12\/CmQd3-XJ-1152x1536.jpeg 1152w, https:\/\/frp-reklamy.eu\/wp-content\/uploads\/2025\/12\/CmQd3-XJ.jpeg 1536w\" sizes=\"(max-width: 768px) 100vw, 768px\" \/>\t\t\t\t\t\t\t\t\t\t\t\t\t\t\t<\/div>\n\t\t\t\t<\/div>\n\t\t\t\t<\/div>\n\t\t\t\t\t<\/div>\n\t\t\t\t<\/div>\n\t\t\t\t<\/div>\n\t\t","protected":false},"excerpt":{"rendered":"<p>Naklejki samoprzylepne \u2013 skuteczna forma reklamy i identyfikacji W FRP-Reklamy oferujemy druk naklejek samoprzylepnych w r\u00f3\u017cnych rozmiarach, kszta\u0142tach i wyko\u0144czeniach, dostosowanych do indywidualnych potrzeb klienta. Nasze naklejki sprawdzaj\u0105 si\u0119 zar\u00f3wno w promocji produkt\u00f3w, jak i w celach informacyjnych czy identyfikacyjnych. Zastosowanie naklejek samoprzylepnych: znakowanie produkt\u00f3w i opakowa\u0144 materia\u0142y reklamowe i promocyjne etykiety informacyjne i ostrzegawcze [&hellip;]<\/p>\n","protected":false},"author":1,"featured_media":0,"parent":0,"menu_order":0,"comment_status":"closed","ping_status":"closed","template":"","meta":{"footnotes":""},"class_list":["post-247","page","type-page","status-publish","hentry"],"_links":{"self":[{"href":"https:\/\/frp-reklamy.eu\/index.php?rest_route=\/wp\/v2\/pages\/247","targetHints":{"allow":["GET"]}}],"collection":[{"href":"https:\/\/frp-reklamy.eu\/index.php?rest_route=\/wp\/v2\/pages"}],"about":[{"href":"https:\/\/frp-reklamy.eu\/index.php?rest_route=\/wp\/v2\/types\/page"}],"author":[{"embeddable":true,"href":"https:\/\/frp-reklamy.eu\/index.php?rest_route=\/wp\/v2\/users\/1"}],"replies":[{"embeddable":true,"href":"https:\/\/frp-reklamy.eu\/index.php?rest_route=%2Fwp%2Fv2%2Fcomments&post=247"}],"version-history":[{"count":4,"href":"https:\/\/frp-reklamy.eu\/index.php?rest_route=\/wp\/v2\/pages\/247\/revisions"}],"predecessor-version":[{"id":335,"href":"https:\/\/frp-reklamy.eu\/index.php?rest_route=\/wp\/v2\/pages\/247\/revisions\/335"}],"wp:attachment":[{"href":"https:\/\/frp-reklamy.eu\/index.php?rest_route=%2Fwp%2Fv2%2Fmedia&parent=247"}],"curies":[{"name":"wp","href":"https:\/\/api.w.org\/{rel}","templated":true}]}}