{"id":26,"date":"2025-12-29T19:19:24","date_gmt":"2025-12-29T18:19:24","guid":{"rendered":"https:\/\/frp-reklamy.eu\/?page_id=26"},"modified":"2025-12-31T14:59:01","modified_gmt":"2025-12-31T13:59:01","slug":"wizytowki","status":"publish","type":"page","link":"https:\/\/frp-reklamy.eu\/?page_id=26","title":{"rendered":"Wizyt\u00f3wki"},"content":{"rendered":"\t\t<div data-elementor-type=\"wp-page\" data-elementor-id=\"26\" class=\"elementor elementor-26\">\n\t\t\t\t<div class=\"elementor-element elementor-element-4fc1aa7 e-flex e-con-boxed e-con e-parent\" data-id=\"4fc1aa7\" data-element_type=\"container\">\n\t\t\t\t\t<div class=\"e-con-inner\">\n\t\t<div class=\"elementor-element elementor-element-102a0f8 e-con-full e-flex e-con e-child\" data-id=\"102a0f8\" data-element_type=\"container\">\n\t\t\t\t<div class=\"elementor-element elementor-element-004426e elementor-widget elementor-widget-text-editor\" data-id=\"004426e\" data-element_type=\"widget\" data-widget_type=\"text-editor.default\">\n\t\t\t\t\t\t\t\t\t<h2 data-start=\"146\" data-end=\"183\">Wizyt\u00f3wki \u2013 projekt i druk<\/h2><p data-start=\"421\" data-end=\"616\">W FRP-Reklamy oferujemy <strong data-start=\"445\" data-end=\"489\">projektowanie i druk wizyt\u00f3wek firmowych<\/strong> dopasowanych do potrzeb klient\u00f3w biznesowych. Realizujemy zar\u00f3wno klasyczne wizyt\u00f3wki, jak i bardziej nowoczesne oraz premium.<\/p><h3 data-start=\"618\" data-end=\"639\">Projekt wizyt\u00f3wek<\/h3><p data-start=\"640\" data-end=\"694\">Ka\u017cdy projekt wizyt\u00f3wki przygotowujemy z naciskiem na:<\/p><ul data-start=\"695\" data-end=\"842\"><li data-start=\"695\" data-end=\"729\"><p data-start=\"697\" data-end=\"729\">czytelno\u015b\u0107 danych kontaktowych<\/p><\/li><li data-start=\"730\" data-end=\"774\"><p data-start=\"732\" data-end=\"774\">sp\u00f3jno\u015b\u0107 z logo i identyfikacj\u0105 wizualn\u0105<\/p><\/li><li data-start=\"775\" data-end=\"807\"><p data-start=\"777\" data-end=\"807\">odpowiedni dob\u00f3r kolorystyki<\/p><\/li><li data-start=\"808\" data-end=\"842\"><p data-start=\"810\" data-end=\"842\">estetyczny i przejrzysty uk\u0142ad<\/p><\/li><\/ul><p data-start=\"844\" data-end=\"968\">Na \u017cyczenie klienta tworzymy projekt od podstaw lub przygotowujemy wizyt\u00f3wk\u0119 do druku na podstawie dostarczonych materia\u0142\u00f3w.<\/p><h3 data-start=\"970\" data-end=\"988\">Druk wizyt\u00f3wek<\/h3><p data-start=\"989\" data-end=\"1049\">Oferujemy profesjonalny druk wizyt\u00f3wek w r\u00f3\u017cnych wariantach:<\/p><ul data-start=\"1050\" data-end=\"1234\"><li data-start=\"1050\" data-end=\"1078\"><p data-start=\"1052\" data-end=\"1078\">druk cyfrowy i offsetowy<\/p><\/li><li data-start=\"1079\" data-end=\"1118\"><p data-start=\"1081\" data-end=\"1118\">wizyt\u00f3wki jednostronne i dwustronne<\/p><\/li><li data-start=\"1119\" data-end=\"1184\"><p data-start=\"1121\" data-end=\"1184\">r\u00f3\u017cne gramatury papieru \u2013 od standardowych po papiery premium<\/p><\/li><li data-start=\"1185\" data-end=\"1234\"><p data-start=\"1187\" data-end=\"1234\">wyko\u0144czenie matowe, b\u0142yszcz\u0105ce<\/p><\/li><\/ul><p data-start=\"1236\" data-end=\"1349\">\u00a0<\/p>\t\t\t\t\t\t\t\t<\/div>\n\t\t\t\t<\/div>\n\t\t<div class=\"elementor-element elementor-element-a442f50 e-con-full e-flex e-con e-child\" data-id=\"a442f50\" data-element_type=\"container\">\n\t\t<div class=\"elementor-element elementor-element-531125b e-con-full e-flex e-con e-child\" data-id=\"531125b\" data-element_type=\"container\">\n\t\t\t\t<div class=\"elementor-element elementor-element-510b737 elementor-widget elementor-widget-video\" data-id=\"510b737\" data-element_type=\"widget\" data-settings=\"{&quot;video_type&quot;:&quot;hosted&quot;,&quot;controls&quot;:&quot;yes&quot;}\" data-widget_type=\"video.default\">\n\t\t\t\t\t\t\t<div class=\"e-hosted-video elementor-wrapper elementor-open-inline\">\n\t\t\t\t\t<video class=\"elementor-video\" src=\"https:\/\/frp-reklamy.eu\/wp-content\/uploads\/2025\/12\/Wizytowki-VIDEO.mp4\" controls=\"\" preload=\"metadata\" controlsList=\"nodownload\"><\/video>\n\t\t\t\t<\/div>\n\t\t\t\t\t\t<\/div>\n\t\t\t\t<\/div>\n\t\t<div class=\"elementor-element elementor-element-d23731a e-con-full e-flex e-con e-child\" data-id=\"d23731a\" data-element_type=\"container\">\n\t\t\t\t<div class=\"elementor-element elementor-element-e6b3302 elementor-widget elementor-widget-image\" data-id=\"e6b3302\" data-element_type=\"widget\" data-widget_type=\"image.default\">\n\t\t\t\t\t\t\t\t\t\t\t\t\t\t\t\t<a href=\"https:\/\/frp-reklamy.eu\/wp-content\/uploads\/2025\/12\/oN5ZMbFe.jpeg\" data-elementor-open-lightbox=\"yes\" data-elementor-lightbox-title=\"Wizyt\u00f3wka FRP\" data-e-action-hash=\"#elementor-action%3Aaction%3Dlightbox%26settings%3DeyJpZCI6MTk1LCJ1cmwiOiJodHRwczpcL1wvZnJwLXJla2xhbXkuZXVcL3dwLWNvbnRlbnRcL3VwbG9hZHNcLzIwMjVcLzEyXC9vTjVaTWJGZS5qcGVnIn0%3D\">\n\t\t\t\t\t\t\t<img fetchpriority=\"high\" decoding=\"async\" width=\"768\" height=\"1024\" src=\"https:\/\/frp-reklamy.eu\/wp-content\/uploads\/2025\/12\/oN5ZMbFe-768x1024.jpeg\" class=\"attachment-large size-large wp-image-195\" alt=\"\" srcset=\"https:\/\/frp-reklamy.eu\/wp-content\/uploads\/2025\/12\/oN5ZMbFe-768x1024.jpeg 768w, https:\/\/frp-reklamy.eu\/wp-content\/uploads\/2025\/12\/oN5ZMbFe-225x300.jpeg 225w, https:\/\/frp-reklamy.eu\/wp-content\/uploads\/2025\/12\/oN5ZMbFe-1152x1536.jpeg 1152w, https:\/\/frp-reklamy.eu\/wp-content\/uploads\/2025\/12\/oN5ZMbFe.jpeg 1536w\" sizes=\"(max-width: 768px) 100vw, 768px\" \/>\t\t\t\t\t\t\t\t<\/a>\n\t\t\t\t\t\t\t\t\t\t\t\t\t\t\t<\/div>\n\t\t\t\t<\/div>\n\t\t\t\t<\/div>\n\t\t\t\t\t<\/div>\n\t\t\t\t<\/div>\n\t\t\t\t<\/div>\n\t\t","protected":false},"excerpt":{"rendered":"<p>Wizyt\u00f3wki \u2013 projekt i druk W FRP-Reklamy oferujemy projektowanie i druk wizyt\u00f3wek firmowych dopasowanych do potrzeb klient\u00f3w biznesowych. Realizujemy zar\u00f3wno klasyczne wizyt\u00f3wki, jak i bardziej nowoczesne oraz premium. Projekt wizyt\u00f3wek Ka\u017cdy projekt wizyt\u00f3wki przygotowujemy z naciskiem na: czytelno\u015b\u0107 danych kontaktowych sp\u00f3jno\u015b\u0107 z logo i identyfikacj\u0105 wizualn\u0105 odpowiedni dob\u00f3r kolorystyki estetyczny i przejrzysty uk\u0142ad Na \u017cyczenie [&hellip;]<\/p>\n","protected":false},"author":1,"featured_media":0,"parent":0,"menu_order":0,"comment_status":"closed","ping_status":"closed","template":"","meta":{"footnotes":""},"class_list":["post-26","page","type-page","status-publish","hentry"],"_links":{"self":[{"href":"https:\/\/frp-reklamy.eu\/index.php?rest_route=\/wp\/v2\/pages\/26","targetHints":{"allow":["GET"]}}],"collection":[{"href":"https:\/\/frp-reklamy.eu\/index.php?rest_route=\/wp\/v2\/pages"}],"about":[{"href":"https:\/\/frp-reklamy.eu\/index.php?rest_route=\/wp\/v2\/types\/page"}],"author":[{"embeddable":true,"href":"https:\/\/frp-reklamy.eu\/index.php?rest_route=\/wp\/v2\/users\/1"}],"replies":[{"embeddable":true,"href":"https:\/\/frp-reklamy.eu\/index.php?rest_route=%2Fwp%2Fv2%2Fcomments&post=26"}],"version-history":[{"count":9,"href":"https:\/\/frp-reklamy.eu\/index.php?rest_route=\/wp\/v2\/pages\/26\/revisions"}],"predecessor-version":[{"id":294,"href":"https:\/\/frp-reklamy.eu\/index.php?rest_route=\/wp\/v2\/pages\/26\/revisions\/294"}],"wp:attachment":[{"href":"https:\/\/frp-reklamy.eu\/index.php?rest_route=%2Fwp%2Fv2%2Fmedia&parent=26"}],"curies":[{"name":"wp","href":"https:\/\/api.w.org\/{rel}","templated":true}]}}