{"id":263,"date":"2025-12-31T14:36:11","date_gmt":"2025-12-31T13:36:11","guid":{"rendered":"https:\/\/frp-reklamy.eu\/?page_id=263"},"modified":"2025-12-31T15:32:42","modified_gmt":"2025-12-31T14:32:42","slug":"haft-komputerowy","status":"publish","type":"page","link":"https:\/\/frp-reklamy.eu\/?page_id=263","title":{"rendered":"Haft Komputerowy"},"content":{"rendered":"\t\t<div data-elementor-type=\"wp-page\" data-elementor-id=\"263\" class=\"elementor elementor-263\">\n\t\t\t\t<div class=\"elementor-element elementor-element-52411ee e-flex e-con-boxed e-con e-parent\" data-id=\"52411ee\" data-element_type=\"container\">\n\t\t\t\t\t<div class=\"e-con-inner\">\n\t\t<div class=\"elementor-element elementor-element-843c73d e-con-full e-flex e-con e-child\" data-id=\"843c73d\" data-element_type=\"container\">\n\t\t\t\t<div class=\"elementor-element elementor-element-d4adcd6 elementor-widget elementor-widget-text-editor\" data-id=\"d4adcd6\" data-element_type=\"widget\" data-widget_type=\"text-editor.default\">\n\t\t\t\t\t\t\t\t\t<hr data-start=\"97\" data-end=\"100\" \/><p data-start=\"102\" data-end=\"169\"><strong data-start=\"102\" data-end=\"167\">Haft komputerowy \u2013 elegancja i trwa\u0142o\u015b\u0107 w oznakowaniu odzie\u017cy<\/strong><\/p><p data-start=\"171\" data-end=\"757\">W FRP-Reklamy wykonujemy haft komputerowy, kt\u00f3ry pozwala na precyzyjne i trwa\u0142e znakowanie odzie\u017cy firmowej, gad\u017cet\u00f3w tekstylnych oraz materia\u0142\u00f3w promocyjnych. Haftowane logo czy napis dodaje produktom profesjonalnego i ekskluzywnego charakteru, wyr\u00f3\u017cniaj\u0105c Twoj\u0105 mark\u0119 na tle konkurencji. Dzi\u0119ki nowoczesnym maszynom jeste\u015bmy w stanie odwzorowa\u0107 nawet bardzo skomplikowane wzory i detale, zachowuj\u0105c najwy\u017csz\u0105 jako\u015b\u0107 wykonania. Haft komputerowy doskonale sprawdza si\u0119 zar\u00f3wno w ma\u0142ych seriach, jak i przy wi\u0119kszych zam\u00f3wieniach, gwarantuj\u0105c sp\u00f3jny i trwa\u0142y efekt na ka\u017cdym produkcie.<\/p><p data-start=\"759\" data-end=\"798\"><strong data-start=\"759\" data-end=\"796\">Zastosowanie haftu komputerowego:<\/strong><\/p><ul data-start=\"799\" data-end=\"925\"><li data-start=\"799\" data-end=\"827\"><p data-start=\"801\" data-end=\"827\">odzie\u017c firmowa i robocza<\/p><\/li><li data-start=\"828\" data-end=\"855\"><p data-start=\"830\" data-end=\"855\">czapki, torby i plecaki<\/p><\/li><li data-start=\"856\" data-end=\"887\"><p data-start=\"858\" data-end=\"887\">gad\u017cety reklamowe z tkaniny<\/p><\/li><li data-start=\"888\" data-end=\"925\"><p data-start=\"890\" data-end=\"925\">personalizacja prezent\u00f3w i nagr\u00f3d<\/p><\/li><\/ul><p data-start=\"927\" data-end=\"967\"><strong data-start=\"927\" data-end=\"965\">Dlaczego warto wybra\u0107 FRP-Reklamy:<\/strong><\/p><ul data-start=\"968\" data-end=\"1133\"><li data-start=\"968\" data-end=\"1002\"><p data-start=\"970\" data-end=\"1002\">wysoka jako\u015b\u0107 i trwa\u0142o\u015b\u0107 haftu<\/p><\/li><li data-start=\"1003\" data-end=\"1045\"><p data-start=\"1005\" data-end=\"1045\">precyzyjne odwzorowanie logo i napis\u00f3w<\/p><\/li><li data-start=\"1046\" data-end=\"1090\"><p data-start=\"1048\" data-end=\"1090\">doradztwo w doborze kolor\u00f3w i materia\u0142\u00f3w<\/p><\/li><li data-start=\"1091\" data-end=\"1133\"><p data-start=\"1093\" data-end=\"1133\">szybka i terminowa realizacja zam\u00f3wie\u0144<\/p><\/li><\/ul><p data-start=\"1135\" data-end=\"1270\">Haft komputerowy to elegancka i trwa\u0142a forma promocji Twojej firmy, kt\u00f3ra \u0142\u0105czy profesjonalizm z estetyk\u0105 i wytrzyma\u0142o\u015bci\u0105 materia\u0142u.<\/p>\t\t\t\t\t\t\t\t<\/div>\n\t\t\t\t<\/div>\n\t\t<div class=\"elementor-element elementor-element-a9f4873 e-con-full e-flex e-con e-child\" data-id=\"a9f4873\" data-element_type=\"container\">\n\t\t<div class=\"elementor-element elementor-element-145db0e e-con-full e-flex e-con e-child\" data-id=\"145db0e\" data-element_type=\"container\">\n\t\t\t\t<div class=\"elementor-element elementor-element-4256e33 elementor-widget elementor-widget-video\" data-id=\"4256e33\" data-element_type=\"widget\" data-settings=\"{&quot;video_type&quot;:&quot;hosted&quot;,&quot;controls&quot;:&quot;yes&quot;}\" data-widget_type=\"video.default\">\n\t\t\t\t\t\t\t<div class=\"e-hosted-video elementor-wrapper elementor-open-inline\">\n\t\t\t\t\t<video class=\"elementor-video\" src=\"https:\/\/frp-reklamy.eu\/wp-content\/uploads\/2025\/12\/7H0v-iKi.mp4\" controls=\"\" preload=\"metadata\" controlsList=\"nodownload\"><\/video>\n\t\t\t\t<\/div>\n\t\t\t\t\t\t<\/div>\n\t\t\t\t<\/div>\n\t\t<div class=\"elementor-element elementor-element-c6c5372 e-con-full e-flex e-con e-child\" data-id=\"c6c5372\" data-element_type=\"container\">\n\t\t\t\t<div class=\"elementor-element elementor-element-269e9d8 elementor-widget elementor-widget-image\" data-id=\"269e9d8\" data-element_type=\"widget\" data-widget_type=\"image.default\">\n\t\t\t\t\t\t\t\t\t\t\t\t<figure class=\"wp-caption\">\n\t\t\t\t\t\t\t\t\t\t\t<a href=\"https:\/\/frp-reklamy.eu\/wp-content\/uploads\/2025\/12\/TYd1HQ8C.jpeg\" data-elementor-open-lightbox=\"yes\" data-elementor-lightbox-title=\"HAFT FRP\" data-e-action-hash=\"#elementor-action%3Aaction%3Dlightbox%26settings%3DeyJpZCI6MzM3LCJ1cmwiOiJodHRwczpcL1wvZnJwLXJla2xhbXkuZXVcL3dwLWNvbnRlbnRcL3VwbG9hZHNcLzIwMjVcLzEyXC9UWWQxSFE4Qy5qcGVnIn0%3D\">\n\t\t\t\t\t\t\t<img fetchpriority=\"high\" decoding=\"async\" width=\"768\" height=\"1024\" src=\"https:\/\/frp-reklamy.eu\/wp-content\/uploads\/2025\/12\/TYd1HQ8C-768x1024.jpeg\" class=\"attachment-large size-large wp-image-337\" alt=\"\" srcset=\"https:\/\/frp-reklamy.eu\/wp-content\/uploads\/2025\/12\/TYd1HQ8C-768x1024.jpeg 768w, https:\/\/frp-reklamy.eu\/wp-content\/uploads\/2025\/12\/TYd1HQ8C-225x300.jpeg 225w, https:\/\/frp-reklamy.eu\/wp-content\/uploads\/2025\/12\/TYd1HQ8C-1152x1536.jpeg 1152w, https:\/\/frp-reklamy.eu\/wp-content\/uploads\/2025\/12\/TYd1HQ8C.jpeg 1536w\" sizes=\"(max-width: 768px) 100vw, 768px\" \/>\t\t\t\t\t\t\t\t<\/a>\n\t\t\t\t\t\t\t\t\t\t\t<figcaption class=\"widget-image-caption wp-caption-text\"><\/figcaption>\n\t\t\t\t\t\t\t\t\t\t<\/figure>\n\t\t\t\t\t\t\t\t\t<\/div>\n\t\t\t\t<\/div>\n\t\t\t\t<\/div>\n\t\t\t\t\t<\/div>\n\t\t\t\t<\/div>\n\t\t\t\t<\/div>\n\t\t","protected":false},"excerpt":{"rendered":"<p>Haft komputerowy \u2013 elegancja i trwa\u0142o\u015b\u0107 w oznakowaniu odzie\u017cy W FRP-Reklamy wykonujemy haft komputerowy, kt\u00f3ry pozwala na precyzyjne i trwa\u0142e znakowanie odzie\u017cy firmowej, gad\u017cet\u00f3w tekstylnych oraz materia\u0142\u00f3w promocyjnych. Haftowane logo czy napis dodaje produktom profesjonalnego i ekskluzywnego charakteru, wyr\u00f3\u017cniaj\u0105c Twoj\u0105 mark\u0119 na tle konkurencji. Dzi\u0119ki nowoczesnym maszynom jeste\u015bmy w stanie odwzorowa\u0107 nawet bardzo skomplikowane wzory [&hellip;]<\/p>\n","protected":false},"author":1,"featured_media":0,"parent":0,"menu_order":0,"comment_status":"closed","ping_status":"closed","template":"","meta":{"footnotes":""},"class_list":["post-263","page","type-page","status-publish","hentry"],"_links":{"self":[{"href":"https:\/\/frp-reklamy.eu\/index.php?rest_route=\/wp\/v2\/pages\/263","targetHints":{"allow":["GET"]}}],"collection":[{"href":"https:\/\/frp-reklamy.eu\/index.php?rest_route=\/wp\/v2\/pages"}],"about":[{"href":"https:\/\/frp-reklamy.eu\/index.php?rest_route=\/wp\/v2\/types\/page"}],"author":[{"embeddable":true,"href":"https:\/\/frp-reklamy.eu\/index.php?rest_route=\/wp\/v2\/users\/1"}],"replies":[{"embeddable":true,"href":"https:\/\/frp-reklamy.eu\/index.php?rest_route=%2Fwp%2Fv2%2Fcomments&post=263"}],"version-history":[{"count":4,"href":"https:\/\/frp-reklamy.eu\/index.php?rest_route=\/wp\/v2\/pages\/263\/revisions"}],"predecessor-version":[{"id":340,"href":"https:\/\/frp-reklamy.eu\/index.php?rest_route=\/wp\/v2\/pages\/263\/revisions\/340"}],"wp:attachment":[{"href":"https:\/\/frp-reklamy.eu\/index.php?rest_route=%2Fwp%2Fv2%2Fmedia&parent=263"}],"curies":[{"name":"wp","href":"https:\/\/api.w.org\/{rel}","templated":true}]}}