{"id":267,"date":"2025-12-31T14:36:38","date_gmt":"2025-12-31T13:36:38","guid":{"rendered":"https:\/\/frp-reklamy.eu\/?page_id=267"},"modified":"2025-12-31T15:39:52","modified_gmt":"2025-12-31T14:39:52","slug":"gadzety-reklamowe","status":"publish","type":"page","link":"https:\/\/frp-reklamy.eu\/?page_id=267","title":{"rendered":"Gad\u017cety Reklamowe"},"content":{"rendered":"\t\t<div data-elementor-type=\"wp-page\" data-elementor-id=\"267\" class=\"elementor elementor-267\">\n\t\t\t\t<div class=\"elementor-element elementor-element-52796f8 e-flex e-con-boxed e-con e-parent\" data-id=\"52796f8\" data-element_type=\"container\">\n\t\t\t\t\t<div class=\"e-con-inner\">\n\t\t<div class=\"elementor-element elementor-element-f175b66 e-con-full e-flex e-con e-child\" data-id=\"f175b66\" data-element_type=\"container\">\n\t\t\t\t<div class=\"elementor-element elementor-element-b756c07 elementor-widget elementor-widget-text-editor\" data-id=\"b756c07\" data-element_type=\"widget\" data-widget_type=\"text-editor.default\">\n\t\t\t\t\t\t\t\t\t<p data-start=\"134\" data-end=\"197\"><strong data-start=\"134\" data-end=\"195\">Gad\u017cety reklamowe \u2013 skuteczna forma promocji Twojej marki<\/strong><\/p><p data-start=\"199\" data-end=\"650\">W FRP-Reklamy specjalizujemy si\u0119 w dostarczaniu gad\u017cet\u00f3w reklamowych, kt\u00f3re pomagaj\u0105 w budowaniu rozpoznawalno\u015bci firmy, wzmacnianiu relacji z klientami oraz tworzeniu profesjonalnego wizerunku marki. Nasza oferta obejmuje szeroki wyb\u00f3r produkt\u00f3w, kt\u00f3re mo\u017cna w pe\u0142ni personalizowa\u0107, w tym kubki, d\u0142ugopisy, termosy, pendrive\u2019y, smycze, a tak\u017ce wiele innych gad\u017cet\u00f3w, kt\u00f3re mo\u017cna dopasowa\u0107 do indywidualnych potrzeb i charakteru Twojej dzia\u0142alno\u015bci.<\/p><p data-start=\"652\" data-end=\"1180\">Gad\u017cety reklamowe to nie tylko praktyczne przedmioty codziennego u\u017cytku, ale r\u00f3wnie\u017c skuteczne narz\u0119dzie marketingowe, kt\u00f3re pomaga wyr\u00f3\u017cni\u0107 firm\u0119 na tle konkurencji. Doskonale sprawdzaj\u0105 si\u0119 podczas targ\u00f3w bran\u017cowych, event\u00f3w firmowych, konferencji, kampanii promocyjnych oraz jako element pakiet\u00f3w powitalnych dla nowych klient\u00f3w czy pracownik\u00f3w. Dobrze dobrany gad\u017cet z logo Twojej firmy pozostaje w pami\u0119ci odbiorcy znacznie d\u0142u\u017cej ni\u017c tradycyjna reklama, tworz\u0105c pozytywne skojarzenia i zwi\u0119kszaj\u0105c lojalno\u015b\u0107 wobec marki.<\/p>\t\t\t\t\t\t\t\t<\/div>\n\t\t\t\t<\/div>\n\t\t<div class=\"elementor-element elementor-element-63b2924 e-con-full e-flex e-con e-child\" data-id=\"63b2924\" data-element_type=\"container\">\n\t\t\t\t<div class=\"elementor-element elementor-element-256a9c5 elementor-widget elementor-widget-image\" data-id=\"256a9c5\" data-element_type=\"widget\" data-widget_type=\"image.default\">\n\t\t\t\t\t\t\t\t\t\t\t\t\t\t\t\t<a href=\"https:\/\/frp-reklamy.eu\/wp-content\/uploads\/2025\/12\/yuQTaE5G.jpeg\" data-elementor-open-lightbox=\"yes\" data-elementor-lightbox-title=\"yuQTaE5G\" data-e-action-hash=\"#elementor-action%3Aaction%3Dlightbox%26settings%3DeyJpZCI6MzQ0LCJ1cmwiOiJodHRwczpcL1wvZnJwLXJla2xhbXkuZXVcL3dwLWNvbnRlbnRcL3VwbG9hZHNcLzIwMjVcLzEyXC95dVFUYUU1Ry5qcGVnIn0%3D\">\n\t\t\t\t\t\t\t<img fetchpriority=\"high\" decoding=\"async\" width=\"768\" height=\"1024\" src=\"https:\/\/frp-reklamy.eu\/wp-content\/uploads\/2025\/12\/yuQTaE5G-768x1024.jpeg\" class=\"attachment-large size-large wp-image-344\" alt=\"\" srcset=\"https:\/\/frp-reklamy.eu\/wp-content\/uploads\/2025\/12\/yuQTaE5G-768x1024.jpeg 768w, https:\/\/frp-reklamy.eu\/wp-content\/uploads\/2025\/12\/yuQTaE5G-225x300.jpeg 225w, https:\/\/frp-reklamy.eu\/wp-content\/uploads\/2025\/12\/yuQTaE5G-1152x1536.jpeg 1152w, https:\/\/frp-reklamy.eu\/wp-content\/uploads\/2025\/12\/yuQTaE5G.jpeg 1536w\" sizes=\"(max-width: 768px) 100vw, 768px\" \/>\t\t\t\t\t\t\t\t<\/a>\n\t\t\t\t\t\t\t\t\t\t\t\t\t\t\t<\/div>\n\t\t\t\t<\/div>\n\t\t<div class=\"elementor-element elementor-element-c25c483 e-con-full e-flex e-con e-child\" data-id=\"c25c483\" data-element_type=\"container\">\n\t\t\t\t<div class=\"elementor-element elementor-element-96f1949 elementor-widget elementor-widget-image\" data-id=\"96f1949\" data-element_type=\"widget\" data-widget_type=\"image.default\">\n\t\t\t\t\t\t\t\t\t\t\t\t\t\t\t\t<a href=\"https:\/\/frp-reklamy.eu\/wp-content\/uploads\/2025\/12\/zNaVqXMX.jpeg\" data-elementor-open-lightbox=\"yes\" data-elementor-lightbox-title=\"zNaVqXMX\" data-e-action-hash=\"#elementor-action%3Aaction%3Dlightbox%26settings%3DeyJpZCI6MzQzLCJ1cmwiOiJodHRwczpcL1wvZnJwLXJla2xhbXkuZXVcL3dwLWNvbnRlbnRcL3VwbG9hZHNcLzIwMjVcLzEyXC96TmFWcVhNWC5qcGVnIn0%3D\">\n\t\t\t\t\t\t\t<img decoding=\"async\" width=\"768\" height=\"1024\" src=\"https:\/\/frp-reklamy.eu\/wp-content\/uploads\/2025\/12\/zNaVqXMX-768x1024.jpeg\" class=\"attachment-large size-large wp-image-343\" alt=\"\" srcset=\"https:\/\/frp-reklamy.eu\/wp-content\/uploads\/2025\/12\/zNaVqXMX-768x1024.jpeg 768w, https:\/\/frp-reklamy.eu\/wp-content\/uploads\/2025\/12\/zNaVqXMX-225x300.jpeg 225w, https:\/\/frp-reklamy.eu\/wp-content\/uploads\/2025\/12\/zNaVqXMX-1152x1536.jpeg 1152w, https:\/\/frp-reklamy.eu\/wp-content\/uploads\/2025\/12\/zNaVqXMX.jpeg 1536w\" sizes=\"(max-width: 768px) 100vw, 768px\" \/>\t\t\t\t\t\t\t\t<\/a>\n\t\t\t\t\t\t\t\t\t\t\t\t\t\t\t<\/div>\n\t\t\t\t<\/div>\n\t\t<div class=\"elementor-element elementor-element-bf1fbe9 e-con-full e-flex e-con e-child\" data-id=\"bf1fbe9\" data-element_type=\"container\">\n\t\t\t\t<div class=\"elementor-element elementor-element-8dc15de elementor-widget elementor-widget-text-editor\" data-id=\"8dc15de\" data-element_type=\"widget\" data-widget_type=\"text-editor.default\">\n\t\t\t\t\t\t\t\t\t<p data-start=\"1182\" data-end=\"1222\"><strong data-start=\"1182\" data-end=\"1220\">Dlaczego warto wybra\u0107 FRP-Reklamy:<\/strong><\/p><ul data-start=\"1223\" data-end=\"1517\"><li data-start=\"1223\" data-end=\"1290\"><p data-start=\"1225\" data-end=\"1290\">szeroki wyb\u00f3r gad\u017cet\u00f3w dopasowanych do r\u00f3\u017cnych bran\u017c i bud\u017cet\u00f3w<\/p><\/li><li data-start=\"1291\" data-end=\"1364\"><p data-start=\"1293\" data-end=\"1364\">mo\u017cliwo\u015b\u0107 pe\u0142nej personalizacji \u2013 nadruk logo, kolorystyka, materia\u0142y<\/p><\/li><li data-start=\"1365\" data-end=\"1415\"><p data-start=\"1367\" data-end=\"1415\">wysoka jako\u015b\u0107 produkt\u00f3w i trwa\u0142o\u015b\u0107 oznakowania<\/p><\/li><li data-start=\"1416\" data-end=\"1474\"><p data-start=\"1418\" data-end=\"1474\">doradztwo w doborze najlepszych rozwi\u0105za\u0144 promocyjnych<\/p><\/li><li data-start=\"1475\" data-end=\"1517\"><p data-start=\"1477\" data-end=\"1517\">szybka i terminowa realizacja zam\u00f3wie\u0144<\/p><\/li><\/ul><p data-start=\"1519\" data-end=\"1788\">Gad\u017cety reklamowe z FRP-Reklamy to inwestycja w profesjonalny wizerunek Twojej firmy. Dzi\u0119ki nam ka\u017cdy kubek, d\u0142ugopis, termos czy pendrive mo\u017ce sta\u0107 si\u0119 no\u015bnikiem Twojej marki, kt\u00f3ry codziennie przypomina o Twojej dzia\u0142alno\u015bci i buduje pozytywne relacje z klientami.<\/p><hr data-start=\"1790\" data-end=\"1793\" \/>\t\t\t\t\t\t\t\t<\/div>\n\t\t\t\t<\/div>\n\t\t\t\t\t<\/div>\n\t\t\t\t<\/div>\n\t\t\t\t<\/div>\n\t\t","protected":false},"excerpt":{"rendered":"<p>Gad\u017cety reklamowe \u2013 skuteczna forma promocji Twojej marki W FRP-Reklamy specjalizujemy si\u0119 w dostarczaniu gad\u017cet\u00f3w reklamowych, kt\u00f3re pomagaj\u0105 w budowaniu rozpoznawalno\u015bci firmy, wzmacnianiu relacji z klientami oraz tworzeniu profesjonalnego wizerunku marki. Nasza oferta obejmuje szeroki wyb\u00f3r produkt\u00f3w, kt\u00f3re mo\u017cna w pe\u0142ni personalizowa\u0107, w tym kubki, d\u0142ugopisy, termosy, pendrive\u2019y, smycze, a tak\u017ce wiele innych gad\u017cet\u00f3w, kt\u00f3re [&hellip;]<\/p>\n","protected":false},"author":1,"featured_media":0,"parent":0,"menu_order":0,"comment_status":"closed","ping_status":"closed","template":"","meta":{"footnotes":""},"class_list":["post-267","page","type-page","status-publish","hentry"],"_links":{"self":[{"href":"https:\/\/frp-reklamy.eu\/index.php?rest_route=\/wp\/v2\/pages\/267","targetHints":{"allow":["GET"]}}],"collection":[{"href":"https:\/\/frp-reklamy.eu\/index.php?rest_route=\/wp\/v2\/pages"}],"about":[{"href":"https:\/\/frp-reklamy.eu\/index.php?rest_route=\/wp\/v2\/types\/page"}],"author":[{"embeddable":true,"href":"https:\/\/frp-reklamy.eu\/index.php?rest_route=\/wp\/v2\/users\/1"}],"replies":[{"embeddable":true,"href":"https:\/\/frp-reklamy.eu\/index.php?rest_route=%2Fwp%2Fv2%2Fcomments&post=267"}],"version-history":[{"count":7,"href":"https:\/\/frp-reklamy.eu\/index.php?rest_route=\/wp\/v2\/pages\/267\/revisions"}],"predecessor-version":[{"id":352,"href":"https:\/\/frp-reklamy.eu\/index.php?rest_route=\/wp\/v2\/pages\/267\/revisions\/352"}],"wp:attachment":[{"href":"https:\/\/frp-reklamy.eu\/index.php?rest_route=%2Fwp%2Fv2%2Fmedia&parent=267"}],"curies":[{"name":"wp","href":"https:\/\/api.w.org\/{rel}","templated":true}]}}